{"id":1727,"date":"2022-07-01T12:42:46","date_gmt":"2022-07-01T12:42:46","guid":{"rendered":"https:\/\/teatrumanoel.com.mt\/freedom-of-information\/"},"modified":"2023-07-20T08:59:51","modified_gmt":"2023-07-20T08:59:51","slug":"il-liberta-tal-informazzjoni","status":"publish","type":"page","link":"https:\/\/teatrumanoel.mt\/mt\/il-liberta-tal-informazzjoni\/","title":{"rendered":"Il-Libert\u00e0 tal-Informazzjoni"},"content":{"rendered":"\t\t<div data-elementor-type=\"wp-page\" data-elementor-id=\"1727\" class=\"elementor elementor-1727 elementor-1462\" data-elementor-post-type=\"page\">\n\t\t\t\t\t\t<section class=\"elementor-section elementor-top-section elementor-element elementor-element-e6b6abc elementor-section-height-min-height elementor-section-boxed elementor-section-height-default elementor-section-items-middle\" data-id=\"e6b6abc\" data-element_type=\"section\" data-e-type=\"section\" data-settings=\"{&quot;background_background&quot;:&quot;classic&quot;}\">\n\t\t\t\t\t\t\t<div class=\"elementor-background-overlay\"><\/div>\n\t\t\t\t\t\t\t<div class=\"elementor-container elementor-column-gap-default\">\n\t\t\t\t\t<div class=\"elementor-column elementor-col-100 elementor-top-column elementor-element elementor-element-a1b6fef\" data-id=\"a1b6fef\" data-element_type=\"column\" data-e-type=\"column\">\n\t\t\t<div class=\"elementor-widget-wrap elementor-element-populated\">\n\t\t\t\t\t\t<div class=\"elementor-element elementor-element-58df823 elementor-hidden-mobile elementor-widget elementor-widget-heading\" data-id=\"58df823\" data-element_type=\"widget\" data-e-type=\"widget\" data-widget_type=\"heading.default\">\n\t\t\t\t<div class=\"elementor-widget-container\">\n\t\t\t\t\t<h2 class=\"elementor-heading-title elementor-size-default\">\nLibert\u00e0 ta' Informazzjoni<\/h2>\t\t\t\t<\/div>\n\t\t\t\t<\/div>\n\t\t\t\t<div class=\"elementor-element elementor-element-93b6ca5 elementor-hidden-desktop elementor-hidden-tablet elementor-widget elementor-widget-heading\" data-id=\"93b6ca5\" data-element_type=\"widget\" data-e-type=\"widget\" data-widget_type=\"heading.default\">\n\t\t\t\t<div class=\"elementor-widget-container\">\n\t\t\t\t\t<h2 class=\"elementor-heading-title elementor-size-default\">\nLibert\u00e0 ta' Informazzjoni<\/h2>\t\t\t\t<\/div>\n\t\t\t\t<\/div>\n\t\t\t\t\t<\/div>\n\t\t<\/div>\n\t\t\t\t\t<\/div>\n\t\t<\/section>\n\t\t\t\t<section class=\"elementor-section elementor-top-section elementor-element elementor-element-de110be elementor-section-boxed elementor-section-height-default elementor-section-height-default\" data-id=\"de110be\" data-element_type=\"section\" data-e-type=\"section\">\n\t\t\t\t\t\t<div class=\"elementor-container elementor-column-gap-default\">\n\t\t\t\t\t<div class=\"elementor-column elementor-col-100 elementor-top-column elementor-element elementor-element-78328d4\" data-id=\"78328d4\" data-element_type=\"column\" data-e-type=\"column\">\n\t\t\t<div class=\"elementor-widget-wrap elementor-element-populated\">\n\t\t\t\t\t\t<div class=\"elementor-element elementor-element-5f9fd0d elementor-widget elementor-widget-heading\" data-id=\"5f9fd0d\" data-element_type=\"widget\" data-e-type=\"widget\" data-widget_type=\"heading.default\">\n\t\t\t\t<div class=\"elementor-widget-container\">\n\t\t\t\t\t<h2 class=\"elementor-heading-title elementor-size-default\">Struttura, Funzjonijiet u Responsabbiltajiet<\/h2>\t\t\t\t<\/div>\n\t\t\t\t<\/div>\n\t\t\t\t<div class=\"elementor-element elementor-element-ceeed6e elementor-widget elementor-widget-text-editor\" data-id=\"ceeed6e\" data-element_type=\"widget\" data-e-type=\"widget\" data-widget_type=\"text-editor.default\">\n\t\t\t\t<div class=\"elementor-widget-container\">\n\t\t\t\t\t\t\t\t\t<span style=\"font-weight: 400;\">It-Teatru Manoel huwa Organizzazzjoni Kulturali Pubblika li jaqa\u2019 fi \u0127dan il-Ministeru g\u0127all-Wirt Nazzjonali, l-Arti u l-Gvern Lokali. Il-funzjonijiet tieg\u0127u huma mog\u0127tija mill-Ministru, permezz tal-Bord g\u0127at-Tmexxija, mag\u0127mul mi\u010b-Chairman u \u0127ames membri.<\/span>\r\n\r\n<br><br>\r\n\r\n<span style=\"font-weight: 400;\">It-Teatru Manoel huwa impenjat li jippre\u017centa produzzjonijiet artisti\u010bi ta\u2019 livell dinji; g\u0127al \u0127olqien ta\u2019 udjenzi \u0121odda g\u0127all-\u0121eneri mu\u017cikali u drammati\u010bi; u sabiex jipprovdi pjattaforma prin\u010bipali g\u0127al artisti lokali u internazzjonali.<\/span>\r\n\r\n<br><br>\r\n\r\n<span style=\"font-weight: 400;\">Konxju mill-fatt li t-Teatru huwa spazju storiku u uniku, il-mani\u0121ment tat-Teatru Manoel jimmira li jippreserva u jsa\u0127\u0127a\u0127 l-istatura arkitettonika tieg\u0127u, filwaqt li jippromwovi l-ispazju b\u0127ala wie\u0127ed ta\u2019 e\u010b\u010bellenza artistika.<\/span>\t\t\t\t\t\t\t\t<\/div>\n\t\t\t\t<\/div>\n\t\t\t\t<div class=\"elementor-element elementor-element-d86512f elementor-widget elementor-widget-heading\" data-id=\"d86512f\" data-element_type=\"widget\" data-e-type=\"widget\" data-widget_type=\"heading.default\">\n\t\t\t\t<div class=\"elementor-widget-container\">\n\t\t\t\t\t<h2 class=\"elementor-heading-title elementor-size-default\">Dokumenti u manwali mi\u017cmuma mill-entit\u00e0.<\/h2>\t\t\t\t<\/div>\n\t\t\t\t<\/div>\n\t\t\t\t<div class=\"elementor-element elementor-element-342f5cd elementor-widget elementor-widget-text-editor\" data-id=\"342f5cd\" data-element_type=\"widget\" data-e-type=\"widget\" data-widget_type=\"text-editor.default\">\n\t\t\t\t<div class=\"elementor-widget-container\">\n\t\t\t\t\t\t\t\t\t<span style=\"font-weight: 400;\">-Kuntratti ma\u2019 fornituri fil-kors normali tan-negozju mag\u0127mula minn termini u kundizzjonijiet relatati ma\u2019 xiri mit-Teatru Manoel<\/span>\r\n\r\n<br><br>\r\n\r\n<span style=\"font-weight: 400;\">-Kuntratti ma\u2019 klijenti mag\u0127mula minn termini u kundizzjonijiet g\u0127al kiri<\/span>\r\n\r\n<br><br>\r\n\r\n<span style=\"font-weight: 400;\">-Fajls relatati ma\u2019 akkwist<\/span>\r\n\r\n<br><br>\r\n\r\n<span style=\"font-weight: 400;\">-Kuntratti ma\u2019 artisti mag\u0127mula minn termini u kundizzjonijiet ta\u2019 kkummissjonar tas-servizzi tal-artisti mit-Teatru Manoel<\/span>\r\n\r\n<br><br>\r\n\r\n<span style=\"font-weight: 400;\">-Dokumenti finanzjarji, inklu\u017c kontijiet awditjati, relatati mal-attivitajiet tal-entit\u00e0<\/span>\r\n\r\n<br><br>\r\n\r\n<span style=\"font-weight: 400;\">-Dokumenti relatati mal-pro\u010bedura interna g\u0127all-komunikazzjoni mal-impjegati, li jistabbilixxu l-istruzzjonijiet u r-regoli tal-prattika<\/span>\r\n\r\n<br><br>\r\n\r\n<span style=\"font-weight: 400;\">-Fajls personali tal-impjegati<\/span>\r\n\r\n<br><br>\r\n\r\n<span style=\"font-weight: 400;\">-Punti tal-a\u0121enda u minuti tal-laqg\u0127at<\/span>\r\n\r\n<br><br>\r\n\r\n<span style=\"font-weight: 400;\">-Ftehim kollettiv<\/span>\t\t\t\t\t\t\t\t<\/div>\n\t\t\t\t<\/div>\n\t\t\t\t<div class=\"elementor-element elementor-element-1631c0d elementor-widget elementor-widget-heading\" data-id=\"1631c0d\" data-element_type=\"widget\" data-e-type=\"widget\" data-widget_type=\"heading.default\">\n\t\t\t\t<div class=\"elementor-widget-container\">\n\t\t\t\t\t<h2 class=\"elementor-heading-title elementor-size-default\">Dettalji ta\u2019 pro\u010bedura g\u0127al ilmenti interni<\/h2>\t\t\t\t<\/div>\n\t\t\t\t<\/div>\n\t\t\t\t<div class=\"elementor-element elementor-element-439e32c elementor-widget elementor-widget-text-editor\" data-id=\"439e32c\" data-element_type=\"widget\" data-e-type=\"widget\" data-widget_type=\"text-editor.default\">\n\t\t\t\t<div class=\"elementor-widget-container\">\n\t\t\t\t\t\t\t\t\t<span style=\"font-weight: 400;\">Applikant jista\u2019 jressaq ilment meta t-talba tieg\u0127u g\u0127all-informazzjoni ti\u0121i rrifjutata, jew li b\u2019xi mod mhux sodisfatt bl-informazzjoni pprovduta, il-format tag\u0127ha jew l-estenzjoni tal-iskadenza g\u0127at-tressieq ta\u2019 notifika li tindika jekk talba hux se tintlaqa\u2019 jew le.<\/span>\r\n\r\n<br><br>\r\n\r\n<span style=\"font-weight: 400;\">L-iment irid ikun idirizzat lill-Uffi\u010bjal tal-Libert\u00e0 tal-Informazzjoni, li se ji\u0121bed l-attenzjoni tal-Kap E\u017cekuttiv dwarha. L-uffi\u010bjal se jirrispondi l-applikant fi \u017cmien g\u0127axar \u0121ranet tax-xog\u0127ol, mill-wasla tal-ilment. L-applikant huwa infurmat ukoll li hu jew hi jistg\u0127u jappellaw din id-de\u010bi\u017cjoni jew inkella jindirizza l-ilment lill-Kummissarju g\u0127all-Informazzjoni u l-Protezzjoni tad-Data, skont l-Att dwar il-Libert\u00e0 tal-Informazzjoni (Kap. 496 tal-li\u0121ijiet ta\u2019 Malta).<\/span>\r\n\r\n<br><br>\r\n\r\n<span style=\"font-weight: 400;\">L-uffi\u010bjal responsabbli se jinforma lill-applikant dwar id-de\u010bi\u017cjoni li tkun ittie\u0127det rigward l-ilment tieg\u0127u jew tag\u0127ha, u f\u2019ka\u017c li jkun hemm konferma ta\u2019 de\u010bi\u017cjoni li ma tin\u0127ari\u0121x l-informazzjoni rilevanti, se jispjega r-ra\u0121unijiet g\u0127ala. Meta l-ilment ta\u2019 applikant ikun relatat mal-mod kif l-informazzjoni \u0121iet ipprovduta jew g\u0127al estenzjoni tad-data tal-iskadenza mit-tressiq tan-notifika li tindika jekk talba hux se ti\u0121i a\u010b\u010bettata jew le mill-Entit\u00e0, u d-de\u010bi\u017cjoni ori\u0121inali ti\u0121i mi\u017cmuma, l-applikant se jing\u0127ata spjegazzjoni g\u0127aliex l-ilment tieg\u0127u jew tag\u0127ha mhux se jkun jista\u2019 ji\u0121i indirizzat.<\/span>\r\n\r\n<br><br>\r\n\r\n<span style=\"font-weight: 400;\">Applikant jista\u2019 wkoll jag\u0127mel u\u017cu mill-Pro\u010bedura g\u0127al Ilmenti Interni biex jirraporta nuqqas li jintla\u0127qu l-iskadenzi jew biex tintbag\u0127at notifika. F\u2019ka\u017cijiet fejn it-talba g\u0127all-informazzjoni tista\u2019 tintla\u0127aq, imma g\u0127adha ma ntla\u0127qitx fid-data tal-iskadenza stipulata mill-Att, l-uffi\u010bjal responsabbli g\u0127andu jne\u0127\u0127i kull \u0127las applikabbli g\u0127at-tressiq tal-informazzjoni.<\/span>\t\t\t\t\t\t\t\t<\/div>\n\t\t\t\t<\/div>\n\t\t\t\t<div class=\"elementor-element elementor-element-92d458e elementor-widget elementor-widget-heading\" data-id=\"92d458e\" data-element_type=\"widget\" data-e-type=\"widget\" data-widget_type=\"heading.default\">\n\t\t\t\t<div class=\"elementor-widget-container\">\n\t\t\t\t\t<h2 class=\"elementor-heading-title elementor-size-default\">Aktar Informazzjoni<\/h2>\t\t\t\t<\/div>\n\t\t\t\t<\/div>\n\t\t\t\t<div class=\"elementor-element elementor-element-faef789 elementor-widget elementor-widget-text-editor\" data-id=\"faef789\" data-element_type=\"widget\" data-e-type=\"widget\" data-widget_type=\"text-editor.default\">\n\t\t\t\t<div class=\"elementor-widget-container\">\n\t\t\t\t\t\t\t\t\t<p><span style=\"font-weight: 400;\">Aktar informazzjoni tista\u2019 tinkiseb mis-sit elettroniku <\/span><a href=\"http:\/\/www.foi.gov.mt\/\"><span style=\"font-weight: 400;\">www.foi.gov.mt<\/span><\/a><span style=\"font-weight: 400;\"> .<\/span><\/p>\t\t\t\t\t\t\t\t<\/div>\n\t\t\t\t<\/div>\n\t\t\t\t<div class=\"elementor-element elementor-element-ea4d44d elementor-widget elementor-widget-heading\" data-id=\"ea4d44d\" data-element_type=\"widget\" data-e-type=\"widget\" data-widget_type=\"heading.default\">\n\t\t\t\t<div class=\"elementor-widget-container\">\n\t\t\t\t\t<h2 class=\"elementor-heading-title elementor-size-default\">Dettalji ta\u2019 kuntatt<\/h2>\t\t\t\t<\/div>\n\t\t\t\t<\/div>\n\t\t\t\t<div class=\"elementor-element elementor-element-64a57a4 elementor-widget elementor-widget-text-editor\" data-id=\"64a57a4\" data-element_type=\"widget\" data-e-type=\"widget\" data-widget_type=\"text-editor.default\">\n\t\t\t\t<div class=\"elementor-widget-container\">\n\t\t\t\t\t\t\t\t\t<p><span style=\"font-weight: 400;\">L-uffi\u010bjal g\u0127all-Libert\u00e0 tal-Informazzjoni Penelope Ciangura tista\u2019 ti\u0121i kkuntattjata fuq <\/span><a href=\"mailto:foi@teatrumanoel.mt\"><span style=\"font-weight: 400;\">foi@teatrumanoel.mt<\/span><\/a><span style=\"font-weight: 400;\"> , jew bil-miktub fuq l-indirizz t\u2019hawn ta\u0127t:<\/span><\/p><p>\u00a0<\/p><p><span style=\"font-weight: 400;\">Teatru Manoel,<\/span><\/p><p><br \/><span style=\"font-weight: 400;\">Triq it-Teatru l-Antik,<\/span><br \/><br \/><\/p><p><span style=\"font-weight: 400;\">Il-Belt Valletta<\/span><\/p>\t\t\t\t\t\t\t\t<\/div>\n\t\t\t\t<\/div>\n\t\t\t\t\t<\/div>\n\t\t<\/div>\n\t\t\t\t\t<\/div>\n\t\t<\/section>\n\t\t\t\t<\/div>\n\t\t","protected":false},"excerpt":{"rendered":"<p>Libert\u00e0 ta&#8217; Informazzjoni Libert\u00e0 ta&#8217; Informazzjoni Struttura, Funzjonijiet u Responsabbiltajiet It-Teatru Manoel huwa Organizzazzjoni Kulturali Pubblika li jaqa\u2019 fi \u0127dan il-Ministeru g\u0127all-Wirt Nazzjonali, l-Arti u l-Gvern Lokali. Il-funzjonijiet tieg\u0127u huma mog\u0127tija mill-Ministru, permezz tal-Bord g\u0127at-Tmexxija, mag\u0127mul mi\u010b-Chairman u \u0127ames membri. It-Teatru Manoel huwa impenjat li jippre\u017centa produzzjonijiet artisti\u010bi ta\u2019 livell dinji; g\u0127al \u0127olqien ta\u2019 udjenzi [&hellip;]<\/p>\n","protected":false},"author":2,"featured_media":0,"parent":0,"menu_order":0,"comment_status":"closed","ping_status":"closed","template":"elementor_header_footer","meta":{"_acf_changed":false,"footnotes":""},"class_list":["post-1727","page","type-page","status-publish","hentry"],"acf":[],"_links":{"self":[{"href":"https:\/\/teatrumanoel.mt\/mt\/wp-json\/wp\/v2\/pages\/1727","targetHints":{"allow":["GET"]}}],"collection":[{"href":"https:\/\/teatrumanoel.mt\/mt\/wp-json\/wp\/v2\/pages"}],"about":[{"href":"https:\/\/teatrumanoel.mt\/mt\/wp-json\/wp\/v2\/types\/page"}],"author":[{"embeddable":true,"href":"https:\/\/teatrumanoel.mt\/mt\/wp-json\/wp\/v2\/users\/2"}],"replies":[{"embeddable":true,"href":"https:\/\/teatrumanoel.mt\/mt\/wp-json\/wp\/v2\/comments?post=1727"}],"version-history":[{"count":47,"href":"https:\/\/teatrumanoel.mt\/mt\/wp-json\/wp\/v2\/pages\/1727\/revisions"}],"predecessor-version":[{"id":4714,"href":"https:\/\/teatrumanoel.mt\/mt\/wp-json\/wp\/v2\/pages\/1727\/revisions\/4714"}],"wp:attachment":[{"href":"https:\/\/teatrumanoel.mt\/mt\/wp-json\/wp\/v2\/media?parent=1727"}],"curies":[{"name":"wp","href":"https:\/\/api.w.org\/{rel}","templated":true}]}}