{"id":1768,"date":"2022-07-01T12:27:40","date_gmt":"2022-07-01T12:27:40","guid":{"rendered":"https:\/\/teatrumanoel.com.mt\/website-accessibility-statement\/"},"modified":"2023-07-20T09:07:39","modified_gmt":"2023-07-20T09:07:39","slug":"dikjarazzjoni-dwar-l-accessibbilta","status":"publish","type":"page","link":"https:\/\/teatrumanoel.mt\/mt\/dikjarazzjoni-dwar-l-accessibbilta\/","title":{"rendered":"Dikjarazzjoni dwar l-a\u010b\u010bessibbilt\u00e0"},"content":{"rendered":"\t\t<div data-elementor-type=\"wp-page\" data-elementor-id=\"1768\" class=\"elementor elementor-1768 elementor-1455\" data-elementor-post-type=\"page\">\n\t\t\t\t\t\t<section class=\"elementor-section elementor-top-section elementor-element elementor-element-446aea5 elementor-section-height-min-height elementor-section-boxed elementor-section-height-default elementor-section-items-middle\" data-id=\"446aea5\" data-element_type=\"section\" data-e-type=\"section\" data-settings=\"{&quot;background_background&quot;:&quot;classic&quot;}\">\n\t\t\t\t\t\t\t<div class=\"elementor-background-overlay\"><\/div>\n\t\t\t\t\t\t\t<div class=\"elementor-container elementor-column-gap-default\">\n\t\t\t\t\t<div class=\"elementor-column elementor-col-100 elementor-top-column elementor-element elementor-element-ee2b8b2\" data-id=\"ee2b8b2\" data-element_type=\"column\" data-e-type=\"column\">\n\t\t\t<div class=\"elementor-widget-wrap elementor-element-populated\">\n\t\t\t\t\t\t<div class=\"elementor-element elementor-element-8548dc5 elementor-hidden-mobile elementor-widget elementor-widget-heading\" data-id=\"8548dc5\" data-element_type=\"widget\" data-e-type=\"widget\" data-widget_type=\"heading.default\">\n\t\t\t\t<div class=\"elementor-widget-container\">\n\t\t\t\t\t<h2 class=\"elementor-heading-title elementor-size-default\">Dikjarazzjoni tal-A\u010b\u010bessibilit\u00e0 tal-Web\n<\/h2>\t\t\t\t<\/div>\n\t\t\t\t<\/div>\n\t\t\t\t<div class=\"elementor-element elementor-element-851ca78 elementor-hidden-desktop elementor-hidden-tablet elementor-widget elementor-widget-heading\" data-id=\"851ca78\" data-element_type=\"widget\" data-e-type=\"widget\" data-widget_type=\"heading.default\">\n\t\t\t\t<div class=\"elementor-widget-container\">\n\t\t\t\t\t<h2 class=\"elementor-heading-title elementor-size-default\">Dikjarazzjoni tal-A\u010b\u010bessibilit\u00e0 tal-Web\n<\/h2>\t\t\t\t<\/div>\n\t\t\t\t<\/div>\n\t\t\t\t\t<\/div>\n\t\t<\/div>\n\t\t\t\t\t<\/div>\n\t\t<\/section>\n\t\t\t\t<section class=\"elementor-section elementor-top-section elementor-element elementor-element-de110be elementor-section-boxed elementor-section-height-default elementor-section-height-default\" data-id=\"de110be\" data-element_type=\"section\" data-e-type=\"section\">\n\t\t\t\t\t\t<div class=\"elementor-container elementor-column-gap-default\">\n\t\t\t\t\t<div class=\"elementor-column elementor-col-100 elementor-top-column elementor-element elementor-element-78328d4\" data-id=\"78328d4\" data-element_type=\"column\" data-e-type=\"column\">\n\t\t\t<div class=\"elementor-widget-wrap elementor-element-populated\">\n\t\t\t\t\t\t<div class=\"elementor-element elementor-element-5f9fd0d elementor-widget elementor-widget-heading\" data-id=\"5f9fd0d\" data-element_type=\"widget\" data-e-type=\"widget\" data-widget_type=\"heading.default\">\n\t\t\t\t<div class=\"elementor-widget-container\">\n\t\t\t\t\t<h2 class=\"elementor-heading-title elementor-size-default\">Stqarrija ta\u2019 a\u010b\u010bessibbilt\u00e0 tas-sit<\/h2>\t\t\t\t<\/div>\n\t\t\t\t<\/div>\n\t\t\t\t<div class=\"elementor-element elementor-element-ceeed6e elementor-widget elementor-widget-text-editor\" data-id=\"ceeed6e\" data-element_type=\"widget\" data-e-type=\"widget\" data-widget_type=\"text-editor.default\">\n\t\t\t\t<div class=\"elementor-widget-container\">\n\t\t\t\t\t\t\t\t\t<p>Din l-istqarrija tapplika g\u0127as-sit elettroniku tat-Teatru Manoel <a href=\"http:\/\/teatrumanoel.mt\/\">www.teatrumanoel.mt<\/a> u li \u0121iet a\u0121\u0121ornata l-ewwel ta\u2019 \u0120unju 2022.<\/p>\t\t\t\t\t\t\t\t<\/div>\n\t\t\t\t<\/div>\n\t\t\t\t<div class=\"elementor-element elementor-element-d86512f elementor-widget elementor-widget-heading\" data-id=\"d86512f\" data-element_type=\"widget\" data-e-type=\"widget\" data-widget_type=\"heading.default\">\n\t\t\t\t<div class=\"elementor-widget-container\">\n\t\t\t\t\t<h2 class=\"elementor-heading-title elementor-size-default\">Stat ta\u2019 konformit\u00e0<\/h2>\t\t\t\t<\/div>\n\t\t\t\t<\/div>\n\t\t\t\t<div class=\"elementor-element elementor-element-342f5cd elementor-widget elementor-widget-text-editor\" data-id=\"342f5cd\" data-element_type=\"widget\" data-e-type=\"widget\" data-widget_type=\"text-editor.default\">\n\t\t\t\t<div class=\"elementor-widget-container\">\n\t\t\t\t\t\t\t\t\t<p>Teatru Manoel hu impenjat li jag\u0127mel is-sit elettroniku tieg\u0127u a\u010b\u010bessibbli g\u0127al kul\u0127add. A\u0127na qeg\u0127din na\u0127dmu biex intejbu l-a\u010b\u010bessibbilt\u00e0 tas-servizzi online tag\u0127na g\u0127al kul min qieg\u0127ed ju\u017caha, irrispettivament ta\u2019 fejn qeg\u0127din fid-dinja, b\u2019attenzjoni spe\u010bjali g\u0127ar-rekwi\u017citi kontra d-diskriminazzjoni tal-Att dwar Opportunitajiet Indaqs g\u0127al Persuni b\u2019Di\u017cabbilt\u00e0 tal-2000 (EOA).<\/p>\t\t\t\t\t\t\t\t<\/div>\n\t\t\t\t<\/div>\n\t\t\t\t<div class=\"elementor-element elementor-element-1631c0d elementor-widget elementor-widget-heading\" data-id=\"1631c0d\" data-element_type=\"widget\" data-e-type=\"widget\" data-widget_type=\"heading.default\">\n\t\t\t\t<div class=\"elementor-widget-container\">\n\t\t\t\t\t<h2 class=\"elementor-heading-title elementor-size-default\">Pro\u010bess ta\u2019 konfortmi\u00e0<\/h2>\t\t\t\t<\/div>\n\t\t\t\t<\/div>\n\t\t\t\t<div class=\"elementor-element elementor-element-439e32c elementor-widget elementor-widget-text-editor\" data-id=\"439e32c\" data-element_type=\"widget\" data-e-type=\"widget\" data-widget_type=\"text-editor.default\">\n\t\t\t\t<div class=\"elementor-widget-container\">\n\t\t\t\t\t\t\t\t\t<p>Is-sit elettroniku tat-Teatru Manoel huwa mfassal biex ja\u0127dem mal-aktar ver\u017cjonijiet ri\u010benti tal-internet browsers popolari, b\u0127al Internet Explorer, Chrome jew Firefox.<\/p><p>Teatru Manoel huwa konformi mal-istandard tal-a\u010b\u010bessibbilt\u00e0 EN301549 u l-linji gwida WCAG2.1. Ir-ri\u017corsi u l-prodotti tag\u0127na online huma evalwati b\u2019mod manwali u programmatiku g\u0127al konformit\u00e0 mal-linji gwida Livell AA WCAG 2.1. Is-sit elettroniku tat-Teatru Manoel huwa mag\u0127mul biex ja\u0127dem meta ji\u0121i a\u010b\u010bessat bl-aktar prodotti tal-hardware u software a\u0121\u0121ornati.<\/p><p>A\u0127na nirrikonoxxu u na\u010b\u010bettaw li tkun konformi mal-istandards u l-linji gwida ma jfissirx li l-prodott ikun a\u010b\u010bessibbli, g\u0127alhekk, Teatru Manoel jag\u0127mel ukoll ri\u010berka g\u0127al feedback u evalwazzjonijiet ta\u2019 u\u017cabilit\u00e0 ma\u2019 persuni b\u2019di\u017cabbilt\u00e0.<\/p><p>A\u0127na wkoll nistinkaw biex nimplimentaw l-a\u010b\u010bessibbilt\u00e0 g\u0127all-mezzi ta\u2019 informazzjoni, sabiex ikunu pprovduti permezz ta\u2019 partijiet terzi fejn ikun possibbli.<\/p>\t\t\t\t\t\t\t\t<\/div>\n\t\t\t\t<\/div>\n\t\t\t\t<div class=\"elementor-element elementor-element-92d458e elementor-widget elementor-widget-heading\" data-id=\"92d458e\" data-element_type=\"widget\" data-e-type=\"widget\" data-widget_type=\"heading.default\">\n\t\t\t\t<div class=\"elementor-widget-container\">\n\t\t\t\t\t<h2 class=\"elementor-heading-title elementor-size-default\">Mi\u017curi ta\u2019 a\u010b\u010bessibbilt\u00e0<\/h2>\t\t\t\t<\/div>\n\t\t\t\t<\/div>\n\t\t\t\t<div class=\"elementor-element elementor-element-faef789 elementor-widget elementor-widget-text-editor\" data-id=\"faef789\" data-element_type=\"widget\" data-e-type=\"widget\" data-widget_type=\"text-editor.default\">\n\t\t\t\t<div class=\"elementor-widget-container\">\n\t\t\t\t\t\t\t\t\t<p>Is-sit elettroniku tat-Teatru Manoel ma tag\u0127milx u\u017cu ta\u2019 tkabbir tat-tipal, tal-ingrandiment u tal-modifika tal-kuluru. Dan g\u0127aliex nemmnu li din il-funzjonalit\u00e0 hija di\u0121\u00e0 integrata fil-bi\u010b\u010ba l-kbira tal-browsers tal-web jew hija disponibbli permezz ta&#8217; add-ons u plugins differenti li utenti differenti huma liberi li jippersonalizzaw g\u0127all-b\u017connijiet tag\u0127hom. B\u0127ala ri\u017cultat ta&#8217; dan, dawn il-klassifikazzjonijiet tal-utenti arbitrarji huma disponibbli g\u0127al \u0127afna mill-siti elettroini\u010bis, mhux biss g\u0127al dik tal-Entit\u00e0. Sabiex nippermettu dan il-livell ta&#8217; adattament, a\u0127na nfittxu li nimmassimizzaw il-kompatibbilit\u00e0 ma&#8217; dawn il-modifiki tal-utent.<\/p><p><span style=\"font-weight: 400;\">Is-sit tat-Teatru Manoel jimplimenta wkoll dawn il-karatteristi\u010bi tal-a\u010b\u010bessibbilt\u00e0 li \u0121ejjin:<\/span><\/p><ol><li style=\"font-weight: 400;\" aria-level=\"1\"><span style=\"font-weight: 400;\">I\u017comm \u0121erarkija konsistenti ta\u2019 HTML Heading u tqassim ta\u2019 informazzjoni fuq pa\u0121ni web differenti.<\/span><\/li><li style=\"font-weight: 400;\" aria-level=\"1\"><span style=\"font-weight: 400;\">Ji\u017cgura li l-kontenut tal-informazzjoni huwa organizzat f\u2019lista HTML fejn hu applikabbli.<\/span><\/li><li style=\"font-weight: 400;\" aria-level=\"1\"><span style=\"font-weight: 400;\">Jara li hemm rabta li tiffoka fuq l-iskript sabiex jipprovdi indikazzjonijiet vi\u017cwali g\u0127al min esklussivament ju\u017ca t-tastiera.<\/span><\/li><li style=\"font-weight: 400;\" aria-level=\"1\"><span style=\"font-weight: 400;\">Jinkludi titlu tal-imma\u0121ni, alt tag u captions kull fejn din l-informazzjoni hija rilevanti u utli.<\/span><\/li><li style=\"font-weight: 400;\" aria-level=\"1\"><span style=\"font-weight: 400;\">Jimmassimizza l-kuntrast tal-kulur g\u0127at-test fejn hu applikabbli.<\/span><\/li><li style=\"font-weight: 400;\" aria-level=\"1\"><span style=\"font-weight: 400;\">Ifittex li ji\u017cgura li t-test tal-\u0127olqa proprja huwa deskrittiv bi\u017c\u017cejjed biex jinforma l-utent fejn din il-\u0127olqa se tie\u0127du.<\/span><\/li><li style=\"font-weight: 400;\" aria-level=\"1\"><span style=\"font-weight: 400;\">Jimplimenta kull \u0127olqa esterna sabiex dawn jinfet\u0127u f\u2019tabs \u0121odda.<\/span><\/li><\/ol>\t\t\t\t\t\t\t\t<\/div>\n\t\t\t\t<\/div>\n\t\t\t\t<div class=\"elementor-element elementor-element-ea4d44d elementor-widget elementor-widget-heading\" data-id=\"ea4d44d\" data-element_type=\"widget\" data-e-type=\"widget\" data-widget_type=\"heading.default\">\n\t\t\t\t<div class=\"elementor-widget-container\">\n\t\t\t\t\t<h2 class=\"elementor-heading-title elementor-size-default\">Kontenut mhux a\u010b\u010bessibbli<\/h2>\t\t\t\t<\/div>\n\t\t\t\t<\/div>\n\t\t\t\t<div class=\"elementor-element elementor-element-64a57a4 elementor-widget elementor-widget-text-editor\" data-id=\"64a57a4\" data-element_type=\"widget\" data-e-type=\"widget\" data-widget_type=\"text-editor.default\">\n\t\t\t\t<div class=\"elementor-widget-container\">\n\t\t\t\t\t\t\t\t\t<span style=\"font-weight: 400;\">It-Teatru Manoel mhux konxju ta\u2019 xi konenut spe\u010bifiku mhux a\u010b\u010bessibbli jew kwistjonijiet ta\u2019 a\u010b\u010bessibbilt\u00e0 fuq dan is-sit elettroniku. Kull kwistjoni ta\u2019 a\u010b\u010bessibbilt\u00e0 tista\u2019 ti\u0121i rrapurtata fuq id-dettalji li tista\u2019 ssibhom aktar l-isfel.<\/span>\t\t\t\t\t\t\t\t<\/div>\n\t\t\t\t<\/div>\n\t\t\t\t<div class=\"elementor-element elementor-element-f4a602d elementor-widget elementor-widget-heading\" data-id=\"f4a602d\" data-element_type=\"widget\" data-e-type=\"widget\" data-widget_type=\"heading.default\">\n\t\t\t\t<div class=\"elementor-widget-container\">\n\t\t\t\t\t<h2 class=\"elementor-heading-title elementor-size-default\">Rispons u Dettalji g\u0127all-Kuntatt\n<\/h2>\t\t\t\t<\/div>\n\t\t\t\t<\/div>\n\t\t\t\t<div class=\"elementor-element elementor-element-11ed5b5 elementor-widget elementor-widget-text-editor\" data-id=\"11ed5b5\" data-element_type=\"widget\" data-e-type=\"widget\" data-widget_type=\"text-editor.default\">\n\t\t\t\t<div class=\"elementor-widget-container\">\n\t\t\t\t\t\t\t\t\t<p>Hija inevitabbli, sfortunatament, li minkejja l-a\u0127jar sforzi kollha tag\u0127na, se jkun hemm xi kwistjonijiet ta\u2019 a\u010b\u010bessibbilt\u00e0. It-Teatru Manoel huwa impenjat li jindirizza u jirran\u0121a dawn il-kwistjonijiet kemm jista\u2019 jkun malajr u bl-a\u0127jar mod possibbli.<\/p><p>Il-feedback tal-utent tas-sit huwa essenzjali. Jekk qed tesperjenza xi kwistjonijiet jew problemi meta tkun qieg\u0127ed tu\u017ca s-sit tag\u0127na, napprezzaw li tinfurmana billi tibg\u0127atilna fuq <em>(indirizz tal-email hawn)<\/em>.<\/p>\t\t\t\t\t\t\t\t<\/div>\n\t\t\t\t<\/div>\n\t\t\t\t<div class=\"elementor-element elementor-element-13dc7fc elementor-widget elementor-widget-heading\" data-id=\"13dc7fc\" data-element_type=\"widget\" data-e-type=\"widget\" data-widget_type=\"heading.default\">\n\t\t\t\t<div class=\"elementor-widget-container\">\n\t\t\t\t\t<h2 class=\"elementor-heading-title elementor-size-default\">Pro\u010bedura ta\u2019 l-Infurzar<\/h2>\t\t\t\t<\/div>\n\t\t\t\t<\/div>\n\t\t\t\t<div class=\"elementor-element elementor-element-fccc3bc elementor-widget elementor-widget-text-editor\" data-id=\"fccc3bc\" data-element_type=\"widget\" data-e-type=\"widget\" data-widget_type=\"text-editor.default\">\n\t\t\t\t<div class=\"elementor-widget-container\">\n\t\t\t\t\t\t\t\t\t<p>L-Awtorit\u00e0 ta&#8217; Malta dwar il-Komunikazzjoni (MCA) hija l-entit\u00e0 responsabbli g\u0127all-implimentazzjoni tad-Direttiva (UE) 2016\/2102 tal-Parlament Ewropew u tal-Kunsill tas-26 ta\u2019 Ottubru 2016 dwar l-a\u010b\u010bessibbilt\u00e0 tas-siti elettroni\u010bi u tal-applikazzjonijiet mobbli tal-korpi tas-settur pubbliku. F\u2019ka\u017c li din il-mistoqsija tieg\u0127ek relatata mal-a\u010b\u010bessibbilt\u00e0 tal-ICT ma ti\u0121ix indirizzata fi\u017c-\u017cmien stipulat mill-ARR, jew tixtieq tressaq ilment formali, inti tista\u2019 tag\u0127mel dan billi tikkuntattja lill-MCA fuq 21336840 jew billi timla l-formola tal-ilment online fuq <a href=\"https:\/\/mca.org.mt\/consumer\/forms\/complaints\">https:\/\/mca.org.mt\/consumer\/forms\/complaints<\/a> .<\/p><p>\u00a0<\/p>\t\t\t\t\t\t\t\t<\/div>\n\t\t\t\t<\/div>\n\t\t\t\t\t<\/div>\n\t\t<\/div>\n\t\t\t\t\t<\/div>\n\t\t<\/section>\n\t\t\t\t<\/div>\n\t\t","protected":false},"excerpt":{"rendered":"<p>Dikjarazzjoni tal-A\u010b\u010bessibilit\u00e0 tal-Web Dikjarazzjoni tal-A\u010b\u010bessibilit\u00e0 tal-Web Stqarrija ta\u2019 a\u010b\u010bessibbilt\u00e0 tas-sit Din l-istqarrija tapplika g\u0127as-sit elettroniku tat-Teatru Manoel www.teatrumanoel.mt u li \u0121iet a\u0121\u0121ornata l-ewwel ta\u2019 \u0120unju 2022. Stat ta\u2019 konformit\u00e0 Teatru Manoel hu impenjat li jag\u0127mel is-sit elettroniku tieg\u0127u a\u010b\u010bessibbli g\u0127al kul\u0127add. A\u0127na qeg\u0127din na\u0127dmu biex intejbu l-a\u010b\u010bessibbilt\u00e0 tas-servizzi online tag\u0127na g\u0127al kul min qieg\u0127ed ju\u017caha, [&hellip;]<\/p>\n","protected":false},"author":2,"featured_media":0,"parent":0,"menu_order":0,"comment_status":"closed","ping_status":"closed","template":"elementor_header_footer","meta":{"_acf_changed":false,"footnotes":""},"class_list":["post-1768","page","type-page","status-publish","hentry"],"acf":[],"_links":{"self":[{"href":"https:\/\/teatrumanoel.mt\/mt\/wp-json\/wp\/v2\/pages\/1768","targetHints":{"allow":["GET"]}}],"collection":[{"href":"https:\/\/teatrumanoel.mt\/mt\/wp-json\/wp\/v2\/pages"}],"about":[{"href":"https:\/\/teatrumanoel.mt\/mt\/wp-json\/wp\/v2\/types\/page"}],"author":[{"embeddable":true,"href":"https:\/\/teatrumanoel.mt\/mt\/wp-json\/wp\/v2\/users\/2"}],"replies":[{"embeddable":true,"href":"https:\/\/teatrumanoel.mt\/mt\/wp-json\/wp\/v2\/comments?post=1768"}],"version-history":[{"count":23,"href":"https:\/\/teatrumanoel.mt\/mt\/wp-json\/wp\/v2\/pages\/1768\/revisions"}],"predecessor-version":[{"id":4715,"href":"https:\/\/teatrumanoel.mt\/mt\/wp-json\/wp\/v2\/pages\/1768\/revisions\/4715"}],"wp:attachment":[{"href":"https:\/\/teatrumanoel.mt\/mt\/wp-json\/wp\/v2\/media?parent=1768"}],"curies":[{"name":"wp","href":"https:\/\/api.w.org\/{rel}","templated":true}]}}