{"id":2383,"date":"2022-07-01T09:34:50","date_gmt":"2022-07-01T09:34:50","guid":{"rendered":"https:\/\/teatrumanoel.com.mt\/private-policy\/"},"modified":"2023-07-20T09:08:53","modified_gmt":"2023-07-20T09:08:53","slug":"politika-tal-privatezza","status":"publish","type":"page","link":"https:\/\/teatrumanoel.mt\/mt\/politika-tal-privatezza\/","title":{"rendered":"Politika tal-Privatezza"},"content":{"rendered":"\t\t<div data-elementor-type=\"wp-page\" data-elementor-id=\"2383\" class=\"elementor elementor-2383 elementor-1418\" data-elementor-post-type=\"page\">\n\t\t\t\t\t\t<section class=\"elementor-section elementor-top-section elementor-element elementor-element-4d115cc elementor-section-height-min-height elementor-section-boxed elementor-section-height-default elementor-section-items-middle\" data-id=\"4d115cc\" data-element_type=\"section\" data-e-type=\"section\" data-settings=\"{&quot;background_background&quot;:&quot;classic&quot;}\">\n\t\t\t\t\t\t\t<div class=\"elementor-background-overlay\"><\/div>\n\t\t\t\t\t\t\t<div class=\"elementor-container elementor-column-gap-default\">\n\t\t\t\t\t<div class=\"elementor-column elementor-col-100 elementor-top-column elementor-element elementor-element-6174035\" data-id=\"6174035\" data-element_type=\"column\" data-e-type=\"column\">\n\t\t\t<div class=\"elementor-widget-wrap elementor-element-populated\">\n\t\t\t\t\t\t<div class=\"elementor-element elementor-element-9a15ff6 elementor-hidden-mobile elementor-widget elementor-widget-heading\" data-id=\"9a15ff6\" data-element_type=\"widget\" data-e-type=\"widget\" data-widget_type=\"heading.default\">\n\t\t\t\t<div class=\"elementor-widget-container\">\n\t\t\t\t\t<h2 class=\"elementor-heading-title elementor-size-default\">POLITIKA TAL-PRIVATEZZA<\/h2>\t\t\t\t<\/div>\n\t\t\t\t<\/div>\n\t\t\t\t<div class=\"elementor-element elementor-element-99ff54c elementor-hidden-desktop elementor-hidden-tablet elementor-widget elementor-widget-heading\" data-id=\"99ff54c\" data-element_type=\"widget\" data-e-type=\"widget\" data-widget_type=\"heading.default\">\n\t\t\t\t<div class=\"elementor-widget-container\">\n\t\t\t\t\t<h2 class=\"elementor-heading-title elementor-size-default\">POLITIKA TAL-PRIVATEZZA<\/h2>\t\t\t\t<\/div>\n\t\t\t\t<\/div>\n\t\t\t\t\t<\/div>\n\t\t<\/div>\n\t\t\t\t\t<\/div>\n\t\t<\/section>\n\t\t\t\t<section class=\"elementor-section elementor-top-section elementor-element elementor-element-de110be elementor-section-boxed elementor-section-height-default elementor-section-height-default\" data-id=\"de110be\" data-element_type=\"section\" data-e-type=\"section\">\n\t\t\t\t\t\t<div class=\"elementor-container elementor-column-gap-default\">\n\t\t\t\t\t<div class=\"elementor-column elementor-col-100 elementor-top-column elementor-element elementor-element-78328d4\" data-id=\"78328d4\" data-element_type=\"column\" data-e-type=\"column\">\n\t\t\t<div class=\"elementor-widget-wrap elementor-element-populated\">\n\t\t\t\t\t\t<div class=\"elementor-element elementor-element-5f9fd0d elementor-widget elementor-widget-heading\" data-id=\"5f9fd0d\" data-element_type=\"widget\" data-e-type=\"widget\" data-widget_type=\"heading.default\">\n\t\t\t\t<div class=\"elementor-widget-container\">\n\t\t\t\t\t<h2 class=\"elementor-heading-title elementor-size-default\">POLITIKA TAL-PRIVATEZZA<\/h2>\t\t\t\t<\/div>\n\t\t\t\t<\/div>\n\t\t\t\t<div class=\"elementor-element elementor-element-ceeed6e elementor-widget elementor-widget-text-editor\" data-id=\"ceeed6e\" data-element_type=\"widget\" data-e-type=\"widget\" data-widget_type=\"text-editor.default\">\n\t\t\t\t<div class=\"elementor-widget-container\">\n\t\t\t\t\t\t\t\t\t<p>Nixtiequ nirringrazzjawkom talli \u017cortu <a href=\"http:\/\/teatrumanoel.mt\/\">www.teatrumanoel.mt<\/a><\/p>\t\t\t\t\t\t\t\t<\/div>\n\t\t\t\t<\/div>\n\t\t\t\t<div class=\"elementor-element elementor-element-d86512f elementor-widget elementor-widget-heading\" data-id=\"d86512f\" data-element_type=\"widget\" data-e-type=\"widget\" data-widget_type=\"heading.default\">\n\t\t\t\t<div class=\"elementor-widget-container\">\n\t\t\t\t\t<h2 class=\"elementor-heading-title elementor-size-default\">1.0\tPolitika tal-Privatezza<\/h2>\t\t\t\t<\/div>\n\t\t\t\t<\/div>\n\t\t\t\t<div class=\"elementor-element elementor-element-342f5cd elementor-widget elementor-widget-text-editor\" data-id=\"342f5cd\" data-element_type=\"widget\" data-e-type=\"widget\" data-widget_type=\"text-editor.default\">\n\t\t\t\t<div class=\"elementor-widget-container\">\n\t\t\t\t\t\t\t\t\t<p>A\u0127na impenjati li nipprote\u0121u l-vi\u017citaturi u\/jew il-privatezza tal-utenti tag\u0127na, u m\u2019a\u0127niex se ni\u0121bru l-ebda informazzjoni personali dwarek b\u0127ala vi\u017citatur sakemm int ma tipprovidx din l-informazzjoni b\u2019mod volontarju.<\/p><p>B\u0127ala utent, a\u0127na ni\u0121bru informazzjoni personali fl-ipro\u010bessar tax-xiri ta\u2019 biljetti, u n\u017commu biss l-email tieg\u0127ek biex ninfurmawk g\u0127al avvenimenti u offerti li se jkollna fil-\u0121ejjieni. Inti g\u0127andek l-g\u0127a\u017cla li ma tibqax fuq din il-lista meta tir\u010bievi email minn dawn.<\/p>\t\t\t\t\t\t\t\t<\/div>\n\t\t\t\t<\/div>\n\t\t\t\t<div class=\"elementor-element elementor-element-1631c0d elementor-widget elementor-widget-heading\" data-id=\"1631c0d\" data-element_type=\"widget\" data-e-type=\"widget\" data-widget_type=\"heading.default\">\n\t\t\t\t<div class=\"elementor-widget-container\">\n\t\t\t\t\t<h2 class=\"elementor-heading-title elementor-size-default\">2.0 L-Att dwar il-Protezzjoni u l-Privatezza tad-Data tal-2001<\/h2>\t\t\t\t<\/div>\n\t\t\t\t<\/div>\n\t\t\t\t<div class=\"elementor-element elementor-element-439e32c elementor-widget elementor-widget-text-editor\" data-id=\"439e32c\" data-element_type=\"widget\" data-e-type=\"widget\" data-widget_type=\"text-editor.default\">\n\t\t\t\t<div class=\"elementor-widget-container\">\n\t\t\t\t\t\t\t\t\t<p>L-Att dwar il-Protezzjoni u l-Privatezza tad-Data tal-2001 \u0121ie stabbilit fl-14 ta\u2019 Di\u010bembru 2001 u da\u0127al fis-se\u0127\u0127 fil-15 ta\u2019 Lulju 2003. G\u0127alhekk a\u0127na g\u0127andna dmir legali li nirrispettaw u nipprote\u0121u kull informazzjoni personali li ni\u0121bru ming\u0127andek, u a\u0127na nimxu ma\u2019 dan id-dmir. A\u0127na nie\u0127du kull prekawzjoni ne\u010bessarja biex nipprevjenu a\u010b\u010bess mhux awtorizzat, u ma ng\u0127addux id-dettalji tieg\u0127ek mi\u0121bura ming\u0127andek b\u0127ala vi\u017citatur, la lil partijiet terzi jew lil Dipartimenti tal-Gvern, sakemm inti ma tag\u0127tiniex il-permess biex nag\u0127mlu dan.<\/p>\t\t\t\t\t\t\t\t<\/div>\n\t\t\t\t<\/div>\n\t\t\t\t<div class=\"elementor-element elementor-element-92d458e elementor-widget elementor-widget-heading\" data-id=\"92d458e\" data-element_type=\"widget\" data-e-type=\"widget\" data-widget_type=\"heading.default\">\n\t\t\t\t<div class=\"elementor-widget-container\">\n\t\t\t\t\t<h2 class=\"elementor-heading-title elementor-size-default\">3.0 L-informazzjoni Mi\u0121bura<\/h2>\t\t\t\t<\/div>\n\t\t\t\t<\/div>\n\t\t\t\t<div class=\"elementor-element elementor-element-faef789 elementor-widget elementor-widget-text-editor\" data-id=\"faef789\" data-element_type=\"widget\" data-e-type=\"widget\" data-widget_type=\"text-editor.default\">\n\t\t\t\t<div class=\"elementor-widget-container\">\n\t\t\t\t\t\t\t\t\t<p>B\u0127ala vi\u017citatur, a\u0127na ni\u0121bru tliet tipi ta\u2019 informazzjoni dwarek:<\/p><p>Informazzjoni g\u0127al kuntatt jew feedback;<br \/>Informazzjoni ta\u2019 xi tkun ni\u017c\u017cilt minn fuq il-pa\u0121na;<br \/>Informazzjoni dwar xi tkun u\u017cajt minn fuq is-sit.<\/p>\t\t\t\t\t\t\t\t<\/div>\n\t\t\t\t<\/div>\n\t\t\t\t<div class=\"elementor-element elementor-element-ea4d44d elementor-widget elementor-widget-heading\" data-id=\"ea4d44d\" data-element_type=\"widget\" data-e-type=\"widget\" data-widget_type=\"heading.default\">\n\t\t\t\t<div class=\"elementor-widget-container\">\n\t\t\t\t\t<h2 class=\"elementor-heading-title elementor-size-default\">3.1 Kuntatt jew Feedback<\/h2>\t\t\t\t<\/div>\n\t\t\t\t<\/div>\n\t\t\t\t<div class=\"elementor-element elementor-element-64a57a4 elementor-widget elementor-widget-text-editor\" data-id=\"64a57a4\" data-element_type=\"widget\" data-e-type=\"widget\" data-widget_type=\"text-editor.default\">\n\t\t\t\t<div class=\"elementor-widget-container\">\n\t\t\t\t\t\t\t\t\t<p>Meta timla l-formola <strong>Ikkuntattjana<\/strong>, a\u0127na nu\u017caw l-informazzjoni personali mressqa fil-formola biss biex nirrispondu l-messa\u0121\u0121 tieg\u0127ek. Din l-informazzjoni personali ma tin\u017cammx aktar fit-tul mhux ne\u010bessarju u ti\u0121i m\u0127assra meta jintla\u0127qu r-rekwi\u017citi tal-feedback mitlub.<\/p>\t\t\t\t\t\t\t\t<\/div>\n\t\t\t\t<\/div>\n\t\t\t\t<div class=\"elementor-element elementor-element-f4a602d elementor-widget elementor-widget-heading\" data-id=\"f4a602d\" data-element_type=\"widget\" data-e-type=\"widget\" data-widget_type=\"heading.default\">\n\t\t\t\t<div class=\"elementor-widget-container\">\n\t\t\t\t\t<h2 class=\"elementor-heading-title elementor-size-default\">3.2 Tni\u017c\u017cil ta\u2019 informazzjoni<\/h2>\t\t\t\t<\/div>\n\t\t\t\t<\/div>\n\t\t\t\t<div class=\"elementor-element elementor-element-11ed5b5 elementor-widget elementor-widget-text-editor\" data-id=\"11ed5b5\" data-element_type=\"widget\" data-e-type=\"widget\" data-widget_type=\"text-editor.default\">\n\t\t\t\t<div class=\"elementor-widget-container\">\n\t\t\t\t\t\t\t\t\t<p>Jekk taqra jew tni\u017c\u017cel informazzjoni mis-sit tag\u0127na, a\u0127na awtomatikament ni\u0121bru u n\u017commu din l-informazzjoni mhux personali li \u0121ejja:<\/p>\n<p>Is-sit rikjest jew li \u0121ie mni\u017c\u017cel;<br>Jekk it-talba kinitx ta\u2019 su\u010b\u010bess jew le;<br>Id-data u l-\u0127in ta\u2019 meta d\u0127alt fis-sit;<br>L-indirizz tal-internet tas-sit, u l-isem tad-dominju tal-kompjuter li minn fuqu \u0121ie a\u010b\u010bessat is-sit; <br>Is-sistema operattiva tal-magna li qed t\u0127addem il-browser u t-tip u l-ver\u017cjoni tal-browser tieg\u0127ek.<\/p>\n<p>Nitolbuk tinnota li din l-informazzjoni se tintu\u017ca strettament g\u0127al<a href=\"http:\/\/teatrumanoel.mt\/\"> www.teatrumanoel.mt<\/a> u mhux se ti\u0121i mqassma, mikrija jew mibjug\u0127a bl-ebda mod lill-ebda organizzazzjoni o\u0127ra.<\/p>\t\t\t\t\t\t\t\t<\/div>\n\t\t\t\t<\/div>\n\t\t\t\t<div class=\"elementor-element elementor-element-13dc7fc elementor-widget elementor-widget-heading\" data-id=\"13dc7fc\" data-element_type=\"widget\" data-e-type=\"widget\" data-widget_type=\"heading.default\">\n\t\t\t\t<div class=\"elementor-widget-container\">\n\t\t\t\t\t<h2 class=\"elementor-heading-title elementor-size-default\">4.0 \u0126oloq g\u0127al siti o\u0127ra<\/h2>\t\t\t\t<\/div>\n\t\t\t\t<\/div>\n\t\t\t\t<div class=\"elementor-element elementor-element-fccc3bc elementor-widget elementor-widget-text-editor\" data-id=\"fccc3bc\" data-element_type=\"widget\" data-e-type=\"widget\" data-widget_type=\"text-editor.default\">\n\t\t\t\t<div class=\"elementor-widget-container\">\n\t\t\t\t\t\t\t\t\t<p>Fis-sit tag\u0127na hemm numru ta\u2019 \u0127oloq g\u0127al organizzazzjonijiet u a\u0121enziji o\u0127ra kemm lokali u kif ukoll internazzjonali. F\u2019\u010bertu ka\u017cijiet, g\u0127al benefi\u010b\u010bju tal-vi\u017citatur, jista\u2019 jkun hemm b\u017conn li nikkollegaw ma\u2019 siti ta\u2019 organizzazzjonijiet o\u0127ra wara li jinkiseb permess ming\u0127andhom rispettivament. Huwa importanti g\u0127alik li tinnota li meta timxi g\u0127al fuq sit ie\u0127or, int m\u2019g\u0127adekx fuq is-sit tag\u0127na, u tkun so\u0121\u0121ett g\u0127al politika tal-privatezza g\u0127as-sit il-\u0121did li tkun fih.<\/p>\t\t\t\t\t\t\t\t<\/div>\n\t\t\t\t<\/div>\n\t\t\t\t<div class=\"elementor-element elementor-element-da6493e elementor-widget elementor-widget-heading\" data-id=\"da6493e\" data-element_type=\"widget\" data-e-type=\"widget\" data-widget_type=\"heading.default\">\n\t\t\t\t<div class=\"elementor-widget-container\">\n\t\t\t\t\t<h2 class=\"elementor-heading-title elementor-size-default\">5.0 A\u010b\u010bess g\u0127all-informazzjoni tieg\u0127ek<\/h2>\t\t\t\t<\/div>\n\t\t\t\t<\/div>\n\t\t\t\t<div class=\"elementor-element elementor-element-faf9575 elementor-widget elementor-widget-text-editor\" data-id=\"faf9575\" data-element_type=\"widget\" data-e-type=\"widget\" data-widget_type=\"text-editor.default\">\n\t\t\t\t<div class=\"elementor-widget-container\">\n\t\t\t\t\t\t\t\t\t<p>Inti intitolat li tag\u0127mel talba g\u0127at-tip ta\u2019 informazzjoni li effettivament in\u017commu fuqek jekk din tkun hemm, f\u2019dak i\u017c-\u017cmien partikolari. Int g\u0127andek id-dritt li ti\u0121i kkore\u0121uta kull ine\u017cattezza, u fejn applikabbli, li tit\u0127assar, jekk din ma tkunx di\u0121\u00e0 m\u0127assra.\u00a0<\/p>\t\t\t\t\t\t\t\t<\/div>\n\t\t\t\t<\/div>\n\t\t\t\t<div class=\"elementor-element elementor-element-aeb47c7 elementor-widget elementor-widget-heading\" data-id=\"aeb47c7\" data-element_type=\"widget\" data-e-type=\"widget\" data-widget_type=\"heading.default\">\n\t\t\t\t<div class=\"elementor-widget-container\">\n\t\t\t\t\t<h2 class=\"elementor-heading-title elementor-size-default\">6.0 Bidliet f\u2019din il-Politika tal-Privatezza<\/h2>\t\t\t\t<\/div>\n\t\t\t\t<\/div>\n\t\t\t\t<div class=\"elementor-element elementor-element-d0f23b2 elementor-widget elementor-widget-text-editor\" data-id=\"d0f23b2\" data-element_type=\"widget\" data-e-type=\"widget\" data-widget_type=\"text-editor.default\">\n\t\t\t\t<div class=\"elementor-widget-container\">\n\t\t\t\t\t\t\t\t\t<p>Jekk ikun hemm tibdil f\u2019din il-politika tal-privatezza, a\u0127na se nibdlu din il-pa\u0121na g\u0127al wa\u0127da aktar a\u0121\u0121ornata. Huwa g\u0127alhekk fl-interess tieg\u0127ek li ti\u010b\u010bekja l-pa\u0121na tal-\u2018Politika tal-Privatezza\u2019 kull darba li ta\u010b\u010bessa s-sit tag\u0127na sabiex tkun infurmat b\u2019xi tibdil li jista\u2019 jsir minn \u017cmien g\u0127al \u017cmien.<\/p><p><em><strong>Inti tista\u2019 tag\u0127\u017cel li ma jkollokx numru uniku tal-identifikazzjoni tal-cookie tal-anali\u017ci tal-web assenjat lill-kompjuter tieg\u0127ek, sabiex tevita l-aggregazzjoni u l-anali\u017ci tad-data mi\u0121bura minn dan is-sit.<\/strong><\/em><\/p><p><em><strong>Biex tag\u0127mel din l-g\u0127a\u017cla, jekk jog\u0127\u0121bok ag\u0127fas hawn ta\u0127t biex tir\u010bievi cookie-opt-out.<\/strong><\/em><\/p><p><em><strong>Jien in\u0127alli lill-google analytics i\u017c\u017comm d-data tieg\u0127i.<\/strong><\/em><\/p>\t\t\t\t\t\t\t\t<\/div>\n\t\t\t\t<\/div>\n\t\t\t\t\t<\/div>\n\t\t<\/div>\n\t\t\t\t\t<\/div>\n\t\t<\/section>\n\t\t\t\t<\/div>\n\t\t","protected":false},"excerpt":{"rendered":"<p>POLITIKA TAL-PRIVATEZZA POLITIKA TAL-PRIVATEZZA POLITIKA TAL-PRIVATEZZA Nixtiequ nirringrazzjawkom talli \u017cortu www.teatrumanoel.mt 1.0 Politika tal-Privatezza A\u0127na impenjati li nipprote\u0121u l-vi\u017citaturi u\/jew il-privatezza tal-utenti tag\u0127na, u m\u2019a\u0127niex se ni\u0121bru l-ebda informazzjoni personali dwarek b\u0127ala vi\u017citatur sakemm int ma tipprovidx din l-informazzjoni b\u2019mod volontarju. B\u0127ala utent, a\u0127na ni\u0121bru informazzjoni personali fl-ipro\u010bessar tax-xiri ta\u2019 biljetti, u n\u017commu biss l-email [&hellip;]<\/p>\n","protected":false},"author":2,"featured_media":0,"parent":0,"menu_order":0,"comment_status":"closed","ping_status":"closed","template":"elementor_header_footer","meta":{"_acf_changed":false,"footnotes":""},"class_list":["post-2383","page","type-page","status-publish","hentry"],"acf":[],"_links":{"self":[{"href":"https:\/\/teatrumanoel.mt\/mt\/wp-json\/wp\/v2\/pages\/2383","targetHints":{"allow":["GET"]}}],"collection":[{"href":"https:\/\/teatrumanoel.mt\/mt\/wp-json\/wp\/v2\/pages"}],"about":[{"href":"https:\/\/teatrumanoel.mt\/mt\/wp-json\/wp\/v2\/types\/page"}],"author":[{"embeddable":true,"href":"https:\/\/teatrumanoel.mt\/mt\/wp-json\/wp\/v2\/users\/2"}],"replies":[{"embeddable":true,"href":"https:\/\/teatrumanoel.mt\/mt\/wp-json\/wp\/v2\/comments?post=2383"}],"version-history":[{"count":26,"href":"https:\/\/teatrumanoel.mt\/mt\/wp-json\/wp\/v2\/pages\/2383\/revisions"}],"predecessor-version":[{"id":4716,"href":"https:\/\/teatrumanoel.mt\/mt\/wp-json\/wp\/v2\/pages\/2383\/revisions\/4716"}],"wp:attachment":[{"href":"https:\/\/teatrumanoel.mt\/mt\/wp-json\/wp\/v2\/media?parent=2383"}],"curies":[{"name":"wp","href":"https:\/\/api.w.org\/{rel}","templated":true}]}}