{"id":2481,"date":"2022-02-28T07:38:02","date_gmt":"2022-02-28T07:38:02","guid":{"rendered":"https:\/\/teatrumanoel.com.mt\/support-us-2\/"},"modified":"2023-08-30T13:22:55","modified_gmt":"2023-08-30T13:22:55","slug":"appoggjana","status":"publish","type":"page","link":"https:\/\/teatrumanoel.mt\/mt\/appoggjana\/","title":{"rendered":"Appo\u0121\u0121jana"},"content":{"rendered":"\t\t<div data-elementor-type=\"wp-page\" data-elementor-id=\"2481\" class=\"elementor elementor-2481 elementor-26\" data-elementor-post-type=\"page\">\n\t\t\t\t\t\t<section class=\"elementor-section elementor-top-section elementor-element elementor-element-349759f9 elementor-section-height-min-height elementor-section-boxed elementor-section-height-default elementor-section-items-middle\" data-id=\"349759f9\" data-element_type=\"section\" data-e-type=\"section\" data-settings=\"{&quot;background_background&quot;:&quot;classic&quot;}\">\n\t\t\t\t\t\t\t<div class=\"elementor-background-overlay\"><\/div>\n\t\t\t\t\t\t\t<div class=\"elementor-container elementor-column-gap-default\">\n\t\t\t\t\t<div class=\"elementor-column elementor-col-100 elementor-top-column elementor-element elementor-element-78b96b26\" data-id=\"78b96b26\" data-element_type=\"column\" data-e-type=\"column\">\n\t\t\t<div class=\"elementor-widget-wrap elementor-element-populated\">\n\t\t\t\t\t\t<div class=\"elementor-element elementor-element-5553ab70 elementor-widget elementor-widget-heading\" data-id=\"5553ab70\" data-element_type=\"widget\" data-e-type=\"widget\" data-widget_type=\"heading.default\">\n\t\t\t\t<div class=\"elementor-widget-container\">\n\t\t\t\t\t<h2 class=\"elementor-heading-title elementor-size-default\">Ag\u0127tina l-appo\u0121\u0121 tieg\u0127ek<\/h2>\t\t\t\t<\/div>\n\t\t\t\t<\/div>\n\t\t\t\t\t<\/div>\n\t\t<\/div>\n\t\t\t\t\t<\/div>\n\t\t<\/section>\n\t\t\t\t<section class=\"elementor-section elementor-top-section elementor-element elementor-element-1beeae9b elementor-section-boxed elementor-section-height-default elementor-section-height-default\" data-id=\"1beeae9b\" data-element_type=\"section\" data-e-type=\"section\">\n\t\t\t\t\t\t<div class=\"elementor-container elementor-column-gap-default\">\n\t\t\t\t\t<div class=\"elementor-column elementor-col-100 elementor-top-column elementor-element elementor-element-4440721a\" data-id=\"4440721a\" data-element_type=\"column\" data-e-type=\"column\">\n\t\t\t<div class=\"elementor-widget-wrap elementor-element-populated\">\n\t\t\t\t\t\t<div class=\"elementor-element elementor-element-3e482aaa elementor-widget elementor-widget-text-editor\" data-id=\"3e482aaa\" data-element_type=\"widget\" data-e-type=\"widget\" data-widget_type=\"text-editor.default\">\n\t\t\t\t<div class=\"elementor-widget-container\">\n\t\t\t\t\t\t\t\t\t<p>It-Teatru Manoel kontinwament ifittex assistenza esterna b\u0127ala g\u0127ajnuna biex ikompli ji\u017cviluppa l-g\u0127anjiet artisti\u010bi tieg\u0127u, kif ukoll biex i\u017comm u jtejjeb din il-binja storika. Individwi, kumpaniji jew organizzazzjonijiet jistg\u0127u jg\u0127inu b\u2019modi differenti, fosthom billi jkunu sponsor ta\u2019 elementi varji , b\u0127al g\u0127al sta\u0121un\/xahar\/\u0121img\u0127a ta\u2019 produzzjonijiet, \u0121eneri differenti ta\u2019 rappre\u017centazzjonijiet (pere\u017cempju pro\u0121etti ta\u2019 drama, jew kun\u010berti \u017cg\u0127ar ta\u2019 matul il-\u0121img\u0127a) jew spettakli individwali, kif ukoll ta\u2019 pro\u0121etti infrastrutturali separati.<\/p><p>Min-na\u0127a tieg\u0127u, it-Teatru jista\u2019 joffri benefi\u010b\u010bji varji lill-isponsors tieg\u0127u, fosthom li jidhru fuq materjal ta\u2019 marketing, opportunitajiet li joffru spettaklu lill-klijenti u impjegati, u biljetti bla \u0127las.<\/p><p><span style=\"letter-spacing: var( --e-global-typography-80949f7-letter-spacing ); word-spacing: var( --e-global-typography-80949f7-word-spacing );\">Send an email to <a href=\"mailto:info@teatrumanoel.mt\">info@teatrumanoel.mt<\/a> for more information.<\/span><\/p><div><p><b>The Friends of the Manoel<\/b><\/p><p><span style=\"font-weight: 400;\">Ing\u0127aqad ma\u2019 The Friends of the Manoel u appo\u0121\u0121ja t-teatru nazzjonali ta\u2019 Malta filwaqt li tibbenefika minn ro\u0127s fuq produzzjonijiet tat-Teatru Manoel u tal-Orkestra Filarmonika ta\u2019 Malta u a\u010b\u010bess privile\u0121\u0121jat g\u0127al tours wara l-kwinti u ta\u0127ditiet mill-artisti.<\/span><\/p><p><span style=\"font-weight: 400;\">The Friends of the Manoel ji\u0121bru flimkien mijiet ta\u2019 dilettanti tat-teatru, mu\u017cika u \u017cfin, kemm individwi kif ukoll entitajiet korporattivi, li jixtiequ jappo\u0121\u0121jaw it-Teatru Manoel u jkunu asso\u010bjati mill-qrib mal-attivitajiet tieg\u0127u.<\/span><\/p><p><span style=\"font-weight: 400;\">G\u0127al aktar minn 35 sena, The Friends of the Manoel taw kontribut lejn il-vitalit\u00e0 artistika u l-preservazzjoni tat-Teatru Manoel. Bil-fondi li ti\u0121bor kull sena, l-asso\u010bjazzjoni tappo\u0121\u0121ja inizjattivi ta\u2019 konservazzjoni u programmi edukattivi, b\u2019enfasi akbar fuq l-introduzzjoni tal-arti tal-ispettaklu lil udjenzi \u017cg\u0127a\u017cag\u0127 fil-kuntest tat-teatru nazzjonali mill-isba\u0127 ta\u2019 Malta.<\/span><\/p><p><a href=\"https:\/\/www.facebook.com\/friendsofthemanoel\/\"><span style=\"font-weight: 400;\">Sir \u0126abib tal-Manoel!<\/span><\/a><\/p><\/div>\t\t\t\t\t\t\t\t<\/div>\n\t\t\t\t<\/div>\n\t\t\t\t<div class=\"elementor-element elementor-element-063a7ce elementor-widget elementor-widget-button\" data-id=\"063a7ce\" data-element_type=\"widget\" data-e-type=\"widget\" data-widget_type=\"button.default\">\n\t\t\t\t<div class=\"elementor-widget-container\">\n\t\t\t\t\t\t\t\t\t<div class=\"elementor-button-wrapper\">\n\t\t\t\t\t<a class=\"elementor-button elementor-button-link elementor-size-sm\" href=\"https:\/\/booking.teatrumanoel.com.mt\/websales\/movie\/16132\/\" target=\"_blank\">\n\t\t\t\t\t\t<span class=\"elementor-button-content-wrapper\">\n\t\t\t\t\t\t<span class=\"elementor-button-icon\">\n\t\t\t\t<svg xmlns=\"http:\/\/www.w3.org\/2000\/svg\" width=\"20\" height=\"18\" viewBox=\"0 0 20 18\"><path d=\"M9.755 3.581c.617-1.192 1.536-1.93 2.735-2.32 2.3-.75 4.72.262 5.652 2.38.58 1.32.441 2.648-.067 3.955-.556 1.43-1.484 2.608-2.572 3.664a28.145 28.145 0 0 1-1.833 1.644C12.39 13.946 11.083 14.959 9.767 16c-.747-.58-1.487-1.147-2.219-1.723-1.487-1.171-2.983-2.336-4.247-3.757-1.033-1.162-1.866-2.442-2.18-4-.337-1.676.006-3.172 1.303-4.328C3.823.946 5.458.71 7.211 1.33c1.119.395 1.963 1.128 2.544 2.252z\" stroke=\"#5F83B9\" stroke-width=\"2\" fill=\"none\" fill-rule=\"evenodd\"><\/path><\/svg>\t\t\t<\/span>\n\t\t\t\t\t\t\t\t\t<span class=\"elementor-button-text\">Ikkontribwixxi<\/span>\n\t\t\t\t\t<\/span>\n\t\t\t\t\t<\/a>\n\t\t\t\t<\/div>\n\t\t\t\t\t\t\t\t<\/div>\n\t\t\t\t<\/div>\n\t\t\t\t\t<\/div>\n\t\t<\/div>\n\t\t\t\t\t<\/div>\n\t\t<\/section>\n\t\t\t\t<section class=\"elementor-section elementor-top-section elementor-element elementor-element-c473a5c hide-in-search-results newsletter-section elementor-section-boxed elementor-section-height-default elementor-section-height-default\" data-id=\"c473a5c\" data-element_type=\"section\" data-e-type=\"section\" data-settings=\"{&quot;background_background&quot;:&quot;classic&quot;}\">\n\t\t\t\t\t\t<div class=\"elementor-container elementor-column-gap-default\">\n\t\t\t\t\t<div class=\"elementor-column elementor-col-50 elementor-top-column elementor-element elementor-element-ec7337a\" data-id=\"ec7337a\" data-element_type=\"column\" data-e-type=\"column\">\n\t\t\t<div class=\"elementor-widget-wrap elementor-element-populated\">\n\t\t\t\t\t\t<div class=\"elementor-element elementor-element-1880726 elementor-widget elementor-widget-heading\" data-id=\"1880726\" data-element_type=\"widget\" data-e-type=\"widget\" data-widget_type=\"heading.default\">\n\t\t\t\t<div class=\"elementor-widget-container\">\n\t\t\t\t\t<h2 class=\"elementor-heading-title elementor-size-default\">Ittra\u0127bar<\/h2>\t\t\t\t<\/div>\n\t\t\t\t<\/div>\n\t\t\t\t<div class=\"elementor-element elementor-element-a3c834a elementor-widget elementor-widget-text-editor\" data-id=\"a3c834a\" data-element_type=\"widget\" data-e-type=\"widget\" data-widget_type=\"text-editor.default\">\n\t\t\t\t<div class=\"elementor-widget-container\">\n\t\t\t\t\t\t\t\t\t<p>Abbona biex tkun minn tal-ewwel li tir\u010bievi l-a\u0127\u0127ar a\u0127barijiet tat-Teatru Manoel!<\/p>\t\t\t\t\t\t\t\t<\/div>\n\t\t\t\t<\/div>\n\t\t\t\t\t<\/div>\n\t\t<\/div>\n\t\t\t\t<div class=\"elementor-column elementor-col-50 elementor-top-column elementor-element elementor-element-b3fb721\" data-id=\"b3fb721\" data-element_type=\"column\" data-e-type=\"column\">\n\t\t\t<div class=\"elementor-widget-wrap elementor-element-populated\">\n\t\t\t\t\t\t<div class=\"elementor-element elementor-element-74fb6f5 elementor-widget elementor-widget-global elementor-global-4677 elementor-widget-html\" data-id=\"74fb6f5\" data-element_type=\"widget\" data-e-type=\"widget\" data-widget_type=\"html.default\">\n\t\t\t\t<div class=\"elementor-widget-container\">\n\t\t\t\t\t<div class=\"tnp tnp-subscription\">\r\n\r\n<form method=\"post\" action=\"https:\/\/teatrumanoel.epaper.mt\/?na=s\" onsubmit=\"return newsletter_check(this)\">\r\n\r\n<input type=\"hidden\" name=\"nl[]\" value=\"2\">\r\n\r\n<input type=\"hidden\" name=\"nlang\" value=\"\">\r\n\r\n<!-- <div class=\"tnp-field tnp-field-firstname\"><label for=\"tnp-name\">First Name<\/label>\r\n\r\n<input class=\"tnp-name\" type=\"text\" name=\"nn\" value=\"\" required><\/div>\r\n\r\n<div class=\"tnp-field tnp-field-surname\"><label for=\"tnp-surname\">Surname<\/label> -->\r\n\r\n<!-- <input class=\"tnp-surname\" type=\"text\" name=\"ns\" value=\"\" required><\/div> -->\r\n<div class=\"tnp-field tnp-field-email\">\r\n    <!--<label for=\"tnp-email\">Email<\/label>-->\r\n\r\n<input class=\"tnp-email\" type=\"email\" name=\"ne\" value=\"\" required placeholder=\"L-indirizz eletroniku tieg\u0127ek\">\r\n<input class=\"tnp-submit\" type=\"submit\" value=\"issottometti\" >\r\n<\/div>\r\n\r\n<div class=\"privacy-p\">\r\n  \r\n<input class=\"tnp-privacy-policy\" type=\"checkbox\" name=\"privacy-policy\" value=\"Agree\" required>\r\n<span class=\"newsletter-check-icon\"><\/span>\r\n  <span class=\"I-agree-to-the-Priva\">\r\n  Naqbel mal-<a href=\"\/mt\/politika-tal-privatezza\/\">Politika ta' Privatezza<\/a>\r\n<\/span>\r\n<\/div>\r\n\r\n\r\n<!-- <div class=\"tnp-field tnp-field-profile\"><label for=\"tnp-profile_1\">Country of residence<\/label>\r\n\r\n<select class=\"tnp-profile tnp-profile-1\" id=\"tnp-profile_1\" name=\"np1\" required><option value=\"\" selected disabled>Select country<\/option><option>Afghanistan<\/option><option>Albania<\/option><option>Algeria<\/option><option>American Samoa<\/option><option>Andorra<\/option><option>Angola<\/option><option>Anguilla\/St Kitts<\/option><option>Antarctica<\/option><option>Antigua and Barbuda<\/option><option>Argentina<\/option><option>Armenia<\/option><option>Aruba<\/option><option>Australia<\/option><option>Austria<\/option><option>Azerbaijan<\/option><option>Bahamas<\/option><option>Bahrain<\/option><option>Bangladesh<\/option><option>Barbados<\/option><option>Belarus<\/option><option>Belgium<\/option><option>Belize<\/option><option>Benin<\/option><option>Bermuda<\/option><option>Bhutan<\/option><option>Bolivia<\/option><option>Bonaire<\/option><option>Saba<\/option><option>St<\/option><option>Eustatius<\/option><option>Bosnia Herzegovina<\/option><option>Bouvet Island<\/option><option>Brazil<\/option><option>British Indian Ocean Territory<\/option><option>British Virgin Islands<\/option><option>British West Indies<\/option><option>Brunei<\/option><option>Bulgaria<\/option><option>Burkina Faso<\/option><option>Burundi<\/option><option>Cambodia<\/option><option>Cameroon<\/option><option>Canada<\/option><option>Cape Verde<\/option><option>Cayman Islands<\/option><option>Central African Republic<\/option><option>Chad<\/option><option>Chile<\/option><option>China<\/option><option>Christmas Island (Australia)<\/option><option>Cocos (Keeling) Islands<\/option><option>Colombia<\/option><option>Comoros Island<\/option><option>Congo<\/option><option>The Democratic Republic of Congo<\/option><option>Cook Island<\/option><option>Costa Rica<\/option><option>Cote D Ivoire<\/option><option>Croatia<\/option><option>Cuba<\/option><option>Curacao<\/option><option>Cyprus<\/option><option>Czech Republic<\/option><option>Democratic Yemen<\/option><option>Denmark<\/option><option>Djibouti<\/option><option>Dominica<\/option><option>Dominican Republic<\/option><option>East Timor<\/option><option>Ecuador<\/option><option>Egypt<\/option><option>El Salvador<\/option><option>Equatorial Guinea<\/option><option>Eritrea<\/option><option>Estonia<\/option><option>Ethiopia<\/option><option>Falkland Islands\/Malvinas<\/option><option>Faroe Islands<\/option><option>Fiji<\/option><option>Finland<\/option><option>France<\/option><option>French Guiana<\/option><option>French Polynesia<\/option><option>French Southern Territories<\/option><option>Gabon<\/option><option>Gambia<\/option><option>Gaza<\/option><option>Germany<\/option><option>Ghana<\/option><option>Gibraltar<\/option><option>Great Britain<\/option><option>Greece<\/option><option>Greenland<\/option><option>Grenada<\/option><option>Guadeloupe<\/option><option>Guam<\/option><option>Guatemala<\/option><option>Guinea<\/option><option>Guinea Bissau<\/option><option>Guyana<\/option><option>Haiti<\/option><option>Heard and McDonald Islands<\/option><option>Held Territories<\/option><option>Honduras<\/option><option>Hong Kong<\/option><option>Hungary<\/option><option>Iceland<\/option><option>India<\/option><option>Indian Ocean Island<\/option><option>Indonesia<\/option><option>Iran<\/option><option>Iraq<\/option><option>Ireland<\/option><option>Isle Of Man<\/option><option>Israel<\/option><option>Italy<\/option><option>Jamaica<\/option><option>Japan<\/option><option>Johnston Island<\/option><option>Jordan<\/option><option>Kazakhstan<\/option><option>Kenya<\/option><option>Kiribati<\/option><option>Korea<\/option><option>Kuwait<\/option><option>Kyrgyzstan<\/option><option>Laos<\/option><option>Latvia<\/option><option>Lebanon<\/option><option>Lesotho<\/option><option>Liberia<\/option><option>Libya<\/option><option>Liechtenstein<\/option><option>Lithuania<\/option><option>Luxembourg<\/option><option>Macau<\/option><option>Macedonia<\/option><option>Madagascar<\/option><option>Malawi<\/option><option>Malaysia<\/option><option>Maldives<\/option><option>Mali<\/option><option>Malta<\/option><option>Marshall Island<\/option><option>Martinique<\/option><option>Mauritania<\/option><option>Mauritius<\/option><option>Mayotte<\/option><option>Mexico<\/option><option>Micronesia<\/option><option>Midway Islands<\/option><option>Moldova<\/option><option>Monaco<\/option><option>Mongolia<\/option><option>Monte Negro<\/option><option>Montserrat<\/option><option>Morocco<\/option><option>Mozambique<\/option><option>Myanmar<\/option><option>Namibia<\/option><option>Nauru<\/option><option>Nepal<\/option><option>Netherlands<\/option><option>Netherlands Antilles<\/option><option>New Caledonia<\/option><option>New Zealand<\/option><option>Nicaragua<\/option><option>Niger<\/option><option>Nigeria<\/option><option>Niue<\/option><option>Norfolk Island<\/option><option>Northern Ireland<\/option><option>Northern Mariana Islands<\/option><option>Norway<\/option><option>Oman<\/option><option>Pakistan<\/option><option>Palau<\/option><option>Palestinian Territories<\/option><option>Panama<\/option><option>Papua New Guinea<\/option><option>Paraguay<\/option><option>Peru<\/option><option>Philippines<\/option><option>Pitcairn<\/option><option>Poland<\/option><option>Portugal<\/option><option>Puerto Rico<\/option><option>Qatar<\/option><option>Republic of Botswana<\/option><option>Republic of Georgia<\/option><option>Republic of Korea<\/option><option>Reunion Island<\/option><option>Romania<\/option><option>Russia<\/option><option>Rwanda<\/option><option>Saint Helena<\/option><option>Saint Kitts and Nevis<\/option><option>Samoa Western<\/option><option>San Marino<\/option><option>San Salvador<\/option><option>Sao Tome and Pricipe<\/option><option>Saudi Arabia<\/option><option>Senegal<\/option><option>Serbia<\/option><option>Seychelles Island<\/option><option>Sierra Leone<\/option><option>Singapore<\/option><option>Sint Maarten<\/option><option>Slovakia<\/option><option>Slovenia<\/option><option>Solomon Island<\/option><option>Somalia<\/option><option>South Africa<\/option><option>South Georgia and the South Sandwich Islands<\/option><option>South Sudan<\/option><option>Spain<\/option><option>Sri Lanka<\/option><option>St Pierre Et Miquelo<\/option><option>St Vincent and Grenadine<\/option><option>St. Lucia<\/option><option>Sudan<\/option><option>Surinam<\/option><option>Svalbard and Jan Mayen Islands<\/option><option>Swaziland<\/option><option>Sweden<\/option><option>Switzerland<\/option><option>Switzerland-French<\/option><option>Switzerland-German<\/option><option>Syria<\/option><option>Taiwan<\/option><option>Tajikistan<\/option><option>Tanzania<\/option><option>Thailand<\/option><option>Togo<\/option><option>Tokelau<\/option><option>Tonga<\/option><option>Trinidad \/ Tobago<\/option><option>Tunisia<\/option><option>Turkey<\/option><option>Turkmenistan<\/option><option>Turks And Caicos Islands<\/option><option>Tuvalu<\/option><option>Uganda<\/option><option>Ukraine<\/option><option>United Arab Emirates<\/option><option>United States Minor Outlying Islands<\/option><option>United States of America<\/option><option>Uruguay<\/option><option>Uzbekistan<\/option><option>Vanuatu<\/option><option>Vatican City State<\/option><option>Venezuela<\/option><option>Vietnam<\/option><option>Virgin Islands (US)<\/option><option>Wake Island<\/option><option>Wallis and Futuna Islands<\/option><option>Western Sahara<\/option><option>Yemen<\/option><option>Yugoslavia<\/option><option>Zaire<\/option><option>Zambia<\/option><option>Zimbabwe<\/option><option>Unknown<\/option><\/select>\r\n\r\n<\/div> -->\r\n\r\n<!--<div class=\"tnp-field tnp-field-button\"><input class=\"tnp-submit\" type=\"submit\" value=\"Subscribe\" >-->\r\n\r\n<!--<\/div>-->\r\n\r\n<\/form>\r\n\r\n<\/div>\r\n\r\n\t\t\t\t<\/div>\n\t\t\t\t<\/div>\n\t\t\t\t\t<\/div>\n\t\t<\/div>\n\t\t\t\t\t<\/div>\n\t\t<\/section>\n\t\t\t\t<\/div>\n\t\t","protected":false},"excerpt":{"rendered":"<p>Ag\u0127tina l-appo\u0121\u0121 tieg\u0127ek It-Teatru Manoel kontinwament ifittex assistenza esterna b\u0127ala g\u0127ajnuna biex ikompli ji\u017cviluppa l-g\u0127anjiet artisti\u010bi tieg\u0127u, kif ukoll biex i\u017comm u jtejjeb din il-binja storika. Individwi, kumpaniji jew organizzazzjonijiet jistg\u0127u jg\u0127inu b\u2019modi differenti, fosthom billi jkunu sponsor ta\u2019 elementi varji , b\u0127al g\u0127al sta\u0121un\/xahar\/\u0121img\u0127a ta\u2019 produzzjonijiet, \u0121eneri differenti ta\u2019 rappre\u017centazzjonijiet (pere\u017cempju pro\u0121etti ta\u2019 drama, [&hellip;]<\/p>\n","protected":false},"author":1,"featured_media":0,"parent":0,"menu_order":0,"comment_status":"closed","ping_status":"closed","template":"elementor_header_footer","meta":{"_acf_changed":false,"footnotes":""},"class_list":["post-2481","page","type-page","status-publish","hentry"],"acf":[],"_links":{"self":[{"href":"https:\/\/teatrumanoel.mt\/mt\/wp-json\/wp\/v2\/pages\/2481","targetHints":{"allow":["GET"]}}],"collection":[{"href":"https:\/\/teatrumanoel.mt\/mt\/wp-json\/wp\/v2\/pages"}],"about":[{"href":"https:\/\/teatrumanoel.mt\/mt\/wp-json\/wp\/v2\/types\/page"}],"author":[{"embeddable":true,"href":"https:\/\/teatrumanoel.mt\/mt\/wp-json\/wp\/v2\/users\/1"}],"replies":[{"embeddable":true,"href":"https:\/\/teatrumanoel.mt\/mt\/wp-json\/wp\/v2\/comments?post=2481"}],"version-history":[{"count":47,"href":"https:\/\/teatrumanoel.mt\/mt\/wp-json\/wp\/v2\/pages\/2481\/revisions"}],"predecessor-version":[{"id":5000,"href":"https:\/\/teatrumanoel.mt\/mt\/wp-json\/wp\/v2\/pages\/2481\/revisions\/5000"}],"wp:attachment":[{"href":"https:\/\/teatrumanoel.mt\/mt\/wp-json\/wp\/v2\/media?parent=2481"}],"curies":[{"name":"wp","href":"https:\/\/api.w.org\/{rel}","templated":true}]}}