{"id":2507,"date":"2022-02-28T07:38:11","date_gmt":"2022-02-28T07:38:11","guid":{"rendered":"https:\/\/teatrumanoel.com.mt\/visit\/"},"modified":"2024-11-18T08:52:54","modified_gmt":"2024-11-18T08:52:54","slug":"zjarat","status":"publish","type":"page","link":"https:\/\/teatrumanoel.mt\/mt\/zjarat\/","title":{"rendered":"\u017bjarat"},"content":{"rendered":"\t\t<div data-elementor-type=\"wp-page\" data-elementor-id=\"2507\" class=\"elementor elementor-2507 elementor-28\" data-elementor-post-type=\"page\">\n\t\t\t\t\t\t<section class=\"elementor-section elementor-top-section elementor-element elementor-element-346edae4 elementor-section-height-min-height elementor-section-boxed elementor-section-height-default elementor-section-items-middle\" data-id=\"346edae4\" data-element_type=\"section\" data-e-type=\"section\" data-settings=\"{&quot;background_background&quot;:&quot;classic&quot;}\">\n\t\t\t\t\t\t\t<div class=\"elementor-background-overlay\"><\/div>\n\t\t\t\t\t\t\t<div class=\"elementor-container elementor-column-gap-default\">\n\t\t\t\t\t<div class=\"elementor-column elementor-col-100 elementor-top-column elementor-element elementor-element-6dcebd19\" data-id=\"6dcebd19\" data-element_type=\"column\" data-e-type=\"column\">\n\t\t\t<div class=\"elementor-widget-wrap elementor-element-populated\">\n\t\t\t\t\t\t<div class=\"elementor-element elementor-element-55a80ab2 elementor-widget elementor-widget-heading\" data-id=\"55a80ab2\" data-element_type=\"widget\" data-e-type=\"widget\" data-widget_type=\"heading.default\">\n\t\t\t\t<div class=\"elementor-widget-container\">\n\t\t\t\t\t<h2 class=\"elementor-heading-title elementor-size-default\">\u017bjarat fit-Teatru<\/h2>\t\t\t\t<\/div>\n\t\t\t\t<\/div>\n\t\t\t\t\t<\/div>\n\t\t<\/div>\n\t\t\t\t\t<\/div>\n\t\t<\/section>\n\t\t\t\t<section class=\"elementor-section elementor-top-section elementor-element elementor-element-58f58a5e elementor-section-boxed elementor-section-height-default elementor-section-height-default\" data-id=\"58f58a5e\" data-element_type=\"section\" data-e-type=\"section\">\n\t\t\t\t\t\t<div class=\"elementor-container elementor-column-gap-default\">\n\t\t\t\t\t<div class=\"elementor-column elementor-col-100 elementor-top-column elementor-element elementor-element-4001ca8\" data-id=\"4001ca8\" data-element_type=\"column\" data-e-type=\"column\">\n\t\t\t<div class=\"elementor-widget-wrap elementor-element-populated\">\n\t\t\t\t\t\t<div class=\"elementor-element elementor-element-7b78305f elementor-widget elementor-widget-text-editor\" data-id=\"7b78305f\" data-element_type=\"widget\" data-e-type=\"widget\" data-widget_type=\"text-editor.default\">\n\t\t\t\t<div class=\"elementor-widget-container\">\n\t\t\t\t\t\t\t\t\t<p>Skopri t-Teatru Nazzjonali manjifiku ta\u2019 Malta. \u017bjarat jistg\u0127u jsiru bejn it-Tnejn u s-Sibt.<\/p><p>\u017bur it-teatru u tg\u0127allem l-istorja tieg\u0127u u kif \u017cviluppa mas-snin.<\/p><p>Se tiskopri wkoll l-intern im\u017cejjen b\u2019mod rikk ta\u2019 dan il-kapolavur arkitettoniku Barokk, li hu msemmi b\u0127ala tielet l-aktar teatru antik li g\u0127adu ja\u0127dem fl-Ewropa, u l-aktar teatru antik li g\u0127adu ja\u0127dem fil-Commonwealth tan-Nazzjonijiet.<\/p><p>I\u017c-\u017cjarat huma addattati g\u0127al kull et\u00e0, u jsiru f\u2019dawn il-\u0127inijiet:<\/p><ul><li><strong>Mit-Tnejn sal-\u0120img\u0127a<\/strong><ul><li><strong>Xitwa (1 ta&#8217; Sett)<\/strong><strong>:<\/strong> 11.00 u 15:00<\/li><li><strong>Sajf (20 ta&#8217; \u0120unju)<\/strong><strong>:<\/strong> 11.00 u 12:00<\/li><\/ul><\/li><li><strong>Sibt:<\/strong> 10.30 \/ 11:30 \/ 12:30<\/li><li><strong>Il-\u0126add:<\/strong> MAG\u0126LUQ<\/li><li><strong>Prezz: <\/strong>\u20ac10<\/li><\/ul><p>Prenotazzjoni minn qabel hija rrakkomandata <a href=\"mailto:bookings.mt@teatrumanoel.mt\">bookings.mt@teatrumanoel.mt .<\/a><\/p>\t\t\t\t\t\t\t\t<\/div>\n\t\t\t\t<\/div>\n\t\t\t\t\t<\/div>\n\t\t<\/div>\n\t\t\t\t\t<\/div>\n\t\t<\/section>\n\t\t\t\t<section class=\"elementor-section elementor-top-section elementor-element elementor-element-7aec731 elementor-section-boxed elementor-section-height-default elementor-section-height-default\" data-id=\"7aec731\" data-element_type=\"section\" data-e-type=\"section\">\n\t\t\t\t\t\t<div class=\"elementor-container elementor-column-gap-default\">\n\t\t\t\t\t<div class=\"elementor-column elementor-col-100 elementor-top-column elementor-element elementor-element-cf130e0\" data-id=\"cf130e0\" data-element_type=\"column\" data-e-type=\"column\">\n\t\t\t<div class=\"elementor-widget-wrap elementor-element-populated\">\n\t\t\t\t\t\t<div class=\"elementor-element elementor-element-7a65599 elementor-widget elementor-widget-shortcode\" data-id=\"7a65599\" data-element_type=\"widget\" data-e-type=\"widget\" data-widget_type=\"shortcode.default\">\n\t\t\t\t<div class=\"elementor-widget-container\">\n\t\t\t\t\t\t\t<div class=\"elementor-shortcode\"><div class=\"se-gallery-container\"><div class=\"t-row\"><h3 data-spacing=\"15\" class=\"space-inner-indicator-container se-subtitle\"> Ritratti<\/h3><\/div><div class=\"owl-carousel owl-theme se-gallery-slide\"><div data-item=\"1\" class=\"item pop-up-trigger\" ><img decoding=\"async\" src=\"https:\/\/teatrumanoel.mt\/wp-content\/uploads\/2022\/09\/Manoel-Theatre-general-tour-_1205-scaled-1.jpg\"><\/div><div data-item=\"2\" class=\"item pop-up-trigger\" ><img decoding=\"async\" src=\"https:\/\/teatrumanoel.mt\/wp-content\/uploads\/2022\/09\/Manoel-Theatre-general_1351-scaled-1.jpg\"><\/div><div data-item=\"3\" class=\"item pop-up-trigger\" ><img decoding=\"async\" src=\"https:\/\/teatrumanoel.mt\/wp-content\/uploads\/2022\/09\/Manoel-Theatre-general_1148.jpg\"><\/div><div data-item=\"4\" class=\"item pop-up-trigger\" ><img decoding=\"async\" src=\"https:\/\/teatrumanoel.mt\/wp-content\/uploads\/2022\/09\/Manoel-Theatre-general_1182-scaled-1.jpg\"><\/div><\/div><\/div><div id=\"default-class-popup\" class=\"pop-up-container\" style=\"display:none\"><div class=\"popup-pager\"><span class=\"popup-active-pager-count\" id=\"popup-active-pager-count\">1<\/span> \/4<\/div><div class=\"popup-close\">close <img decoding=\"async\" src=\"https:\/\/teatrumanoel.mt\/wp-content\/themes\/hello-elementor\/assets\/images\/close-icon-black.png\"><\/div><div class=\"owl-carousel owl-theme pop-up-items default-class-popup\"><div data-item=\"1\" class=\"item pop-up-numbering\"><img decoding=\"async\" src=\"https:\/\/teatrumanoel.mt\/wp-content\/uploads\/2022\/09\/Manoel-Theatre-general-tour-_1205-scaled-1.jpg\"><div class=\"se-gallery-image-caption\"><\/div><\/div><div data-item=\"2\" class=\"item pop-up-numbering\"><img decoding=\"async\" src=\"https:\/\/teatrumanoel.mt\/wp-content\/uploads\/2022\/09\/Manoel-Theatre-general_1351-scaled-1.jpg\"><div class=\"se-gallery-image-caption\"><\/div><\/div><div data-item=\"3\" class=\"item pop-up-numbering\"><img decoding=\"async\" src=\"https:\/\/teatrumanoel.mt\/wp-content\/uploads\/2022\/09\/Manoel-Theatre-general_1148.jpg\"><div class=\"se-gallery-image-caption\"><\/div><\/div><div data-item=\"4\" class=\"item pop-up-numbering\"><img decoding=\"async\" src=\"https:\/\/teatrumanoel.mt\/wp-content\/uploads\/2022\/09\/Manoel-Theatre-general_1182-scaled-1.jpg\"><div class=\"se-gallery-image-caption\"><\/div><\/div><\/div><\/div><\/div>\n\t\t\t\t\t\t<\/div>\n\t\t\t\t<\/div>\n\t\t\t\t\t<\/div>\n\t\t<\/div>\n\t\t\t\t\t<\/div>\n\t\t<\/section>\n\t\t\t\t<section class=\"elementor-section elementor-top-section elementor-element elementor-element-4f42474 hide-in-search-results newsletter-section elementor-section-boxed elementor-section-height-default elementor-section-height-default\" data-id=\"4f42474\" data-element_type=\"section\" data-e-type=\"section\" data-settings=\"{&quot;background_background&quot;:&quot;classic&quot;}\">\n\t\t\t\t\t\t<div class=\"elementor-container elementor-column-gap-default\">\n\t\t\t\t\t<div class=\"elementor-column elementor-col-50 elementor-top-column elementor-element elementor-element-d09999a\" data-id=\"d09999a\" data-element_type=\"column\" data-e-type=\"column\">\n\t\t\t<div class=\"elementor-widget-wrap elementor-element-populated\">\n\t\t\t\t\t\t<div class=\"elementor-element elementor-element-b4812c5 elementor-widget elementor-widget-heading\" data-id=\"b4812c5\" data-element_type=\"widget\" data-e-type=\"widget\" data-widget_type=\"heading.default\">\n\t\t\t\t<div class=\"elementor-widget-container\">\n\t\t\t\t\t<h2 class=\"elementor-heading-title elementor-size-default\">Ittra\u0127bar<\/h2>\t\t\t\t<\/div>\n\t\t\t\t<\/div>\n\t\t\t\t<div class=\"elementor-element elementor-element-65a9220 elementor-widget elementor-widget-text-editor\" data-id=\"65a9220\" data-element_type=\"widget\" data-e-type=\"widget\" data-widget_type=\"text-editor.default\">\n\t\t\t\t<div class=\"elementor-widget-container\">\n\t\t\t\t\t\t\t\t\t<p>Abbona biex tkun minn tal-ewwel li tir\u010bievi l-a\u0127\u0127ar a\u0127barijiet tat-Teatru Manoel!<\/p>\t\t\t\t\t\t\t\t<\/div>\n\t\t\t\t<\/div>\n\t\t\t\t\t<\/div>\n\t\t<\/div>\n\t\t\t\t<div class=\"elementor-column elementor-col-50 elementor-top-column elementor-element elementor-element-d65dec0\" data-id=\"d65dec0\" data-element_type=\"column\" data-e-type=\"column\">\n\t\t\t<div class=\"elementor-widget-wrap elementor-element-populated\">\n\t\t\t\t\t\t<div class=\"elementor-element elementor-element-b440c8d elementor-widget elementor-widget-global elementor-global-4677 elementor-widget-html\" data-id=\"b440c8d\" data-element_type=\"widget\" data-e-type=\"widget\" data-widget_type=\"html.default\">\n\t\t\t\t<div class=\"elementor-widget-container\">\n\t\t\t\t\t<div class=\"tnp tnp-subscription\">\r\n\r\n<form method=\"post\" action=\"https:\/\/teatrumanoel.epaper.mt\/?na=s\" onsubmit=\"return newsletter_check(this)\">\r\n\r\n<input type=\"hidden\" name=\"nl[]\" value=\"2\">\r\n\r\n<input type=\"hidden\" name=\"nlang\" value=\"\">\r\n\r\n<!-- <div class=\"tnp-field tnp-field-firstname\"><label for=\"tnp-name\">First Name<\/label>\r\n\r\n<input class=\"tnp-name\" type=\"text\" name=\"nn\" value=\"\" required><\/div>\r\n\r\n<div class=\"tnp-field tnp-field-surname\"><label for=\"tnp-surname\">Surname<\/label> -->\r\n\r\n<!-- <input class=\"tnp-surname\" type=\"text\" name=\"ns\" value=\"\" required><\/div> -->\r\n<div class=\"tnp-field tnp-field-email\">\r\n    <!--<label for=\"tnp-email\">Email<\/label>-->\r\n\r\n<input class=\"tnp-email\" type=\"email\" name=\"ne\" value=\"\" required placeholder=\"L-indirizz eletroniku tieg\u0127ek\">\r\n<input class=\"tnp-submit\" type=\"submit\" value=\"issottometti\" >\r\n<\/div>\r\n\r\n<div class=\"privacy-p\">\r\n  \r\n<input class=\"tnp-privacy-policy\" type=\"checkbox\" name=\"privacy-policy\" value=\"Agree\" required>\r\n<span class=\"newsletter-check-icon\"><\/span>\r\n  <span class=\"I-agree-to-the-Priva\">\r\n  Naqbel mal-<a href=\"\/mt\/politika-tal-privatezza\/\">Politika ta' Privatezza<\/a>\r\n<\/span>\r\n<\/div>\r\n\r\n\r\n<!-- <div class=\"tnp-field tnp-field-profile\"><label for=\"tnp-profile_1\">Country of residence<\/label>\r\n\r\n<select class=\"tnp-profile tnp-profile-1\" id=\"tnp-profile_1\" name=\"np1\" required><option value=\"\" selected disabled>Select country<\/option><option>Afghanistan<\/option><option>Albania<\/option><option>Algeria<\/option><option>American Samoa<\/option><option>Andorra<\/option><option>Angola<\/option><option>Anguilla\/St Kitts<\/option><option>Antarctica<\/option><option>Antigua and Barbuda<\/option><option>Argentina<\/option><option>Armenia<\/option><option>Aruba<\/option><option>Australia<\/option><option>Austria<\/option><option>Azerbaijan<\/option><option>Bahamas<\/option><option>Bahrain<\/option><option>Bangladesh<\/option><option>Barbados<\/option><option>Belarus<\/option><option>Belgium<\/option><option>Belize<\/option><option>Benin<\/option><option>Bermuda<\/option><option>Bhutan<\/option><option>Bolivia<\/option><option>Bonaire<\/option><option>Saba<\/option><option>St<\/option><option>Eustatius<\/option><option>Bosnia Herzegovina<\/option><option>Bouvet Island<\/option><option>Brazil<\/option><option>British Indian Ocean Territory<\/option><option>British Virgin Islands<\/option><option>British West Indies<\/option><option>Brunei<\/option><option>Bulgaria<\/option><option>Burkina Faso<\/option><option>Burundi<\/option><option>Cambodia<\/option><option>Cameroon<\/option><option>Canada<\/option><option>Cape Verde<\/option><option>Cayman Islands<\/option><option>Central African Republic<\/option><option>Chad<\/option><option>Chile<\/option><option>China<\/option><option>Christmas Island (Australia)<\/option><option>Cocos (Keeling) Islands<\/option><option>Colombia<\/option><option>Comoros Island<\/option><option>Congo<\/option><option>The Democratic Republic of Congo<\/option><option>Cook Island<\/option><option>Costa Rica<\/option><option>Cote D Ivoire<\/option><option>Croatia<\/option><option>Cuba<\/option><option>Curacao<\/option><option>Cyprus<\/option><option>Czech Republic<\/option><option>Democratic Yemen<\/option><option>Denmark<\/option><option>Djibouti<\/option><option>Dominica<\/option><option>Dominican Republic<\/option><option>East Timor<\/option><option>Ecuador<\/option><option>Egypt<\/option><option>El Salvador<\/option><option>Equatorial Guinea<\/option><option>Eritrea<\/option><option>Estonia<\/option><option>Ethiopia<\/option><option>Falkland Islands\/Malvinas<\/option><option>Faroe Islands<\/option><option>Fiji<\/option><option>Finland<\/option><option>France<\/option><option>French Guiana<\/option><option>French Polynesia<\/option><option>French Southern Territories<\/option><option>Gabon<\/option><option>Gambia<\/option><option>Gaza<\/option><option>Germany<\/option><option>Ghana<\/option><option>Gibraltar<\/option><option>Great Britain<\/option><option>Greece<\/option><option>Greenland<\/option><option>Grenada<\/option><option>Guadeloupe<\/option><option>Guam<\/option><option>Guatemala<\/option><option>Guinea<\/option><option>Guinea Bissau<\/option><option>Guyana<\/option><option>Haiti<\/option><option>Heard and McDonald Islands<\/option><option>Held Territories<\/option><option>Honduras<\/option><option>Hong Kong<\/option><option>Hungary<\/option><option>Iceland<\/option><option>India<\/option><option>Indian Ocean Island<\/option><option>Indonesia<\/option><option>Iran<\/option><option>Iraq<\/option><option>Ireland<\/option><option>Isle Of Man<\/option><option>Israel<\/option><option>Italy<\/option><option>Jamaica<\/option><option>Japan<\/option><option>Johnston Island<\/option><option>Jordan<\/option><option>Kazakhstan<\/option><option>Kenya<\/option><option>Kiribati<\/option><option>Korea<\/option><option>Kuwait<\/option><option>Kyrgyzstan<\/option><option>Laos<\/option><option>Latvia<\/option><option>Lebanon<\/option><option>Lesotho<\/option><option>Liberia<\/option><option>Libya<\/option><option>Liechtenstein<\/option><option>Lithuania<\/option><option>Luxembourg<\/option><option>Macau<\/option><option>Macedonia<\/option><option>Madagascar<\/option><option>Malawi<\/option><option>Malaysia<\/option><option>Maldives<\/option><option>Mali<\/option><option>Malta<\/option><option>Marshall Island<\/option><option>Martinique<\/option><option>Mauritania<\/option><option>Mauritius<\/option><option>Mayotte<\/option><option>Mexico<\/option><option>Micronesia<\/option><option>Midway Islands<\/option><option>Moldova<\/option><option>Monaco<\/option><option>Mongolia<\/option><option>Monte Negro<\/option><option>Montserrat<\/option><option>Morocco<\/option><option>Mozambique<\/option><option>Myanmar<\/option><option>Namibia<\/option><option>Nauru<\/option><option>Nepal<\/option><option>Netherlands<\/option><option>Netherlands Antilles<\/option><option>New Caledonia<\/option><option>New Zealand<\/option><option>Nicaragua<\/option><option>Niger<\/option><option>Nigeria<\/option><option>Niue<\/option><option>Norfolk Island<\/option><option>Northern Ireland<\/option><option>Northern Mariana Islands<\/option><option>Norway<\/option><option>Oman<\/option><option>Pakistan<\/option><option>Palau<\/option><option>Palestinian Territories<\/option><option>Panama<\/option><option>Papua New Guinea<\/option><option>Paraguay<\/option><option>Peru<\/option><option>Philippines<\/option><option>Pitcairn<\/option><option>Poland<\/option><option>Portugal<\/option><option>Puerto Rico<\/option><option>Qatar<\/option><option>Republic of Botswana<\/option><option>Republic of Georgia<\/option><option>Republic of Korea<\/option><option>Reunion Island<\/option><option>Romania<\/option><option>Russia<\/option><option>Rwanda<\/option><option>Saint Helena<\/option><option>Saint Kitts and Nevis<\/option><option>Samoa Western<\/option><option>San Marino<\/option><option>San Salvador<\/option><option>Sao Tome and Pricipe<\/option><option>Saudi Arabia<\/option><option>Senegal<\/option><option>Serbia<\/option><option>Seychelles Island<\/option><option>Sierra Leone<\/option><option>Singapore<\/option><option>Sint Maarten<\/option><option>Slovakia<\/option><option>Slovenia<\/option><option>Solomon Island<\/option><option>Somalia<\/option><option>South Africa<\/option><option>South Georgia and the South Sandwich Islands<\/option><option>South Sudan<\/option><option>Spain<\/option><option>Sri Lanka<\/option><option>St Pierre Et Miquelo<\/option><option>St Vincent and Grenadine<\/option><option>St. Lucia<\/option><option>Sudan<\/option><option>Surinam<\/option><option>Svalbard and Jan Mayen Islands<\/option><option>Swaziland<\/option><option>Sweden<\/option><option>Switzerland<\/option><option>Switzerland-French<\/option><option>Switzerland-German<\/option><option>Syria<\/option><option>Taiwan<\/option><option>Tajikistan<\/option><option>Tanzania<\/option><option>Thailand<\/option><option>Togo<\/option><option>Tokelau<\/option><option>Tonga<\/option><option>Trinidad \/ Tobago<\/option><option>Tunisia<\/option><option>Turkey<\/option><option>Turkmenistan<\/option><option>Turks And Caicos Islands<\/option><option>Tuvalu<\/option><option>Uganda<\/option><option>Ukraine<\/option><option>United Arab Emirates<\/option><option>United States Minor Outlying Islands<\/option><option>United States of America<\/option><option>Uruguay<\/option><option>Uzbekistan<\/option><option>Vanuatu<\/option><option>Vatican City State<\/option><option>Venezuela<\/option><option>Vietnam<\/option><option>Virgin Islands (US)<\/option><option>Wake Island<\/option><option>Wallis and Futuna Islands<\/option><option>Western Sahara<\/option><option>Yemen<\/option><option>Yugoslavia<\/option><option>Zaire<\/option><option>Zambia<\/option><option>Zimbabwe<\/option><option>Unknown<\/option><\/select>\r\n\r\n<\/div> -->\r\n\r\n<!--<div class=\"tnp-field tnp-field-button\"><input class=\"tnp-submit\" type=\"submit\" value=\"Subscribe\" >-->\r\n\r\n<!--<\/div>-->\r\n\r\n<\/form>\r\n\r\n<\/div>\r\n\r\n\t\t\t\t<\/div>\n\t\t\t\t<\/div>\n\t\t\t\t\t<\/div>\n\t\t<\/div>\n\t\t\t\t\t<\/div>\n\t\t<\/section>\n\t\t\t\t<\/div>\n\t\t","protected":false},"excerpt":{"rendered":"<p>\u017bjarat fit-Teatru Skopri t-Teatru Nazzjonali manjifiku ta\u2019 Malta. \u017bjarat jistg\u0127u jsiru bejn it-Tnejn u s-Sibt. \u017bur it-teatru u tg\u0127allem l-istorja tieg\u0127u u kif \u017cviluppa mas-snin. Se tiskopri wkoll l-intern im\u017cejjen b\u2019mod rikk ta\u2019 dan il-kapolavur arkitettoniku Barokk, li hu msemmi b\u0127ala tielet l-aktar teatru antik li g\u0127adu ja\u0127dem fl-Ewropa, u l-aktar teatru antik li g\u0127adu [&hellip;]<\/p>\n","protected":false},"author":1,"featured_media":0,"parent":0,"menu_order":0,"comment_status":"closed","ping_status":"closed","template":"elementor_header_footer","meta":{"_acf_changed":false,"footnotes":""},"class_list":["post-2507","page","type-page","status-publish","hentry"],"acf":[],"_links":{"self":[{"href":"https:\/\/teatrumanoel.mt\/mt\/wp-json\/wp\/v2\/pages\/2507","targetHints":{"allow":["GET"]}}],"collection":[{"href":"https:\/\/teatrumanoel.mt\/mt\/wp-json\/wp\/v2\/pages"}],"about":[{"href":"https:\/\/teatrumanoel.mt\/mt\/wp-json\/wp\/v2\/types\/page"}],"author":[{"embeddable":true,"href":"https:\/\/teatrumanoel.mt\/mt\/wp-json\/wp\/v2\/users\/1"}],"replies":[{"embeddable":true,"href":"https:\/\/teatrumanoel.mt\/mt\/wp-json\/wp\/v2\/comments?post=2507"}],"version-history":[{"count":78,"href":"https:\/\/teatrumanoel.mt\/mt\/wp-json\/wp\/v2\/pages\/2507\/revisions"}],"predecessor-version":[{"id":9117,"href":"https:\/\/teatrumanoel.mt\/mt\/wp-json\/wp\/v2\/pages\/2507\/revisions\/9117"}],"wp:attachment":[{"href":"https:\/\/teatrumanoel.mt\/mt\/wp-json\/wp\/v2\/media?parent=2507"}],"curies":[{"name":"wp","href":"https:\/\/api.w.org\/{rel}","templated":true}]}}