{"id":2652,"date":"2022-07-01T09:23:42","date_gmt":"2022-07-01T09:23:42","guid":{"rendered":"https:\/\/teatrumanoel.com.mt\/cookie-policy\/"},"modified":"2023-07-20T09:21:21","modified_gmt":"2023-07-20T09:21:21","slug":"politika-dwar-il-cookies","status":"publish","type":"page","link":"https:\/\/teatrumanoel.mt\/mt\/politika-dwar-il-cookies\/","title":{"rendered":"Politika dwar il-cookies"},"content":{"rendered":"\t\t<div data-elementor-type=\"wp-page\" data-elementor-id=\"2652\" class=\"elementor elementor-2652 elementor-1419\" data-elementor-post-type=\"page\">\n\t\t\t\t\t\t<section class=\"elementor-section elementor-top-section elementor-element elementor-element-5d2196d elementor-section-height-min-height elementor-section-boxed elementor-section-height-default elementor-section-items-middle\" data-id=\"5d2196d\" data-element_type=\"section\" data-e-type=\"section\" data-settings=\"{&quot;background_background&quot;:&quot;classic&quot;}\">\n\t\t\t\t\t\t\t<div class=\"elementor-background-overlay\"><\/div>\n\t\t\t\t\t\t\t<div class=\"elementor-container elementor-column-gap-default\">\n\t\t\t\t\t<div class=\"elementor-column elementor-col-100 elementor-top-column elementor-element elementor-element-d91b2cf\" data-id=\"d91b2cf\" data-element_type=\"column\" data-e-type=\"column\">\n\t\t\t<div class=\"elementor-widget-wrap elementor-element-populated\">\n\t\t\t\t\t\t<div class=\"elementor-element elementor-element-af167e5 elementor-hidden-mobile elementor-widget elementor-widget-heading\" data-id=\"af167e5\" data-element_type=\"widget\" data-e-type=\"widget\" data-widget_type=\"heading.default\">\n\t\t\t\t<div class=\"elementor-widget-container\">\n\t\t\t\t\t<h2 class=\"elementor-heading-title elementor-size-default\">\nPolitika tal-Cookie<\/h2>\t\t\t\t<\/div>\n\t\t\t\t<\/div>\n\t\t\t\t<div class=\"elementor-element elementor-element-dfcd8b1 elementor-hidden-desktop elementor-hidden-tablet elementor-widget elementor-widget-heading\" data-id=\"dfcd8b1\" data-element_type=\"widget\" data-e-type=\"widget\" data-widget_type=\"heading.default\">\n\t\t\t\t<div class=\"elementor-widget-container\">\n\t\t\t\t\t<h2 class=\"elementor-heading-title elementor-size-default\">\nPolitika tal-Cookie<\/h2>\t\t\t\t<\/div>\n\t\t\t\t<\/div>\n\t\t\t\t\t<\/div>\n\t\t<\/div>\n\t\t\t\t\t<\/div>\n\t\t<\/section>\n\t\t\t\t<section class=\"elementor-section elementor-top-section elementor-element elementor-element-33faca3b elementor-section-boxed elementor-section-height-default elementor-section-height-default\" data-id=\"33faca3b\" data-element_type=\"section\" data-e-type=\"section\">\n\t\t\t\t\t\t<div class=\"elementor-container elementor-column-gap-default\">\n\t\t\t\t\t<div class=\"elementor-column elementor-col-100 elementor-top-column elementor-element elementor-element-3319b4e2\" data-id=\"3319b4e2\" data-element_type=\"column\" data-e-type=\"column\">\n\t\t\t<div class=\"elementor-widget-wrap elementor-element-populated\">\n\t\t\t\t\t\t<div class=\"elementor-element elementor-element-b24ec53 elementor-widget elementor-widget-heading\" data-id=\"b24ec53\" data-element_type=\"widget\" data-e-type=\"widget\" data-widget_type=\"heading.default\">\n\t\t\t\t<div class=\"elementor-widget-container\">\n\t\t\t\t\t<h2 class=\"elementor-heading-title elementor-size-default\">Mudell \u0120eneriku g\u0127all-Politika tal-Cookie<\/h2>\t\t\t\t<\/div>\n\t\t\t\t<\/div>\n\t\t\t\t<div class=\"elementor-element elementor-element-684d47fc elementor-widget elementor-widget-text-editor\" data-id=\"684d47fc\" data-element_type=\"widget\" data-e-type=\"widget\" data-widget_type=\"text-editor.default\">\n\t\t\t\t<div class=\"elementor-widget-container\">\n\t\t\t\t\t\t\t\t\t<p>Jekk jog\u0127\u0121bok aqra l-politika tal-cookie sew qabel ma tu\u017ca s-sit <a href=\"http:\/\/teatrumanoel.mt\/\">www.teatrumanoel.mt<\/a> operat minna.<\/p>\t\t\t\t\t\t\t\t<\/div>\n\t\t\t\t<\/div>\n\t\t\t\t<div class=\"elementor-element elementor-element-6c6ea860 elementor-widget elementor-widget-heading\" data-id=\"6c6ea860\" data-element_type=\"widget\" data-e-type=\"widget\" data-widget_type=\"heading.default\">\n\t\t\t\t<div class=\"elementor-widget-container\">\n\t\t\t\t\t<h2 class=\"elementor-heading-title elementor-size-default\">X\u2019inhuma cookies?<\/h2>\t\t\t\t<\/div>\n\t\t\t\t<\/div>\n\t\t\t\t<div class=\"elementor-element elementor-element-3eead6c6 elementor-widget elementor-widget-text-editor\" data-id=\"3eead6c6\" data-element_type=\"widget\" data-e-type=\"widget\" data-widget_type=\"text-editor.default\">\n\t\t\t\t<div class=\"elementor-widget-container\">\n\t\t\t\t\t\t\t\t\t<p>Cookies huma fajls ta\u2019 testi sempli\u010bi li ji\u0121u ma\u0127\u017cuna fil-kompjuter, apparat jew mobile tieg\u0127ek permezz tas-server tal-website. Kull cookie hi unika g\u0127all-browser tieg\u0127ek. Se jkollha xi informazzjoni anonima b\u0127al identifikatur uniku, l-isem tad-dominju tas-sit u xi figuri u numri.<\/p>\t\t\t\t\t\t\t\t<\/div>\n\t\t\t\t<\/div>\n\t\t\t\t<div class=\"elementor-element elementor-element-705b3dc8 elementor-widget elementor-widget-heading\" data-id=\"705b3dc8\" data-element_type=\"widget\" data-e-type=\"widget\" data-widget_type=\"heading.default\">\n\t\t\t\t<div class=\"elementor-widget-container\">\n\t\t\t\t\t<h2 class=\"elementor-heading-title elementor-size-default\">X\u2019tip ta\u2019 cookies nu\u017caw a\u0127na?<\/h2>\t\t\t\t<\/div>\n\t\t\t\t<\/div>\n\t\t\t\t<div class=\"elementor-element elementor-element-146b71b3 elementor-widget elementor-widget-text-editor\" data-id=\"146b71b3\" data-element_type=\"widget\" data-e-type=\"widget\" data-widget_type=\"text-editor.default\">\n\t\t\t\t<div class=\"elementor-widget-container\">\n\t\t\t\t\t\t\t\t\t<p>Cookies ne\u010bessarji<\/p><p>Permezz tal-cookies ne\u010bessarji, nistg\u0127u noffrulek l-a\u0127jar esperjenza possibbli meta ta\u010b\u010bessa u ddur is-sit tag\u0127na u meta tkun qed tu\u017cah. Pere\u017cempju, b\u2019dawn il-cookies inkunu nistg\u0127u nag\u0127rfu li int \u0127loqt kont u li d\u0127alt f\u2019dan il-kont.<\/p><p><br \/>Cookies tal-funzjonalit\u00e0<\/p><p>Il-cookies tal-funzjonalit\u00e0 j\u0127alluna noperaw is-sit skont l-g\u0127a\u017cliet li tkun g\u0127amilt inti. Pere\u017cempju, se nag\u0127rfu l-identifikatur tal-utent tieg\u0127ek, u niftakru kif ippersonalizzajt is-sit g\u0127al \u017cjarat futuri.<\/p><p><br \/>Cookies analiti\u010bi<\/p><p>B\u2019dawn il-cookies, a\u0127na u servizzi ta\u2019 partijiet terzi nistg\u0127u ni\u0121bru data aggregata g\u0127al u\u017cu statistiku fuq kif il-vi\u017citaturi tag\u0127na ju\u017caw is-sit. Dawn il-cookies ma jkollhomx informazzjoni personali b\u0127al ismijiet u indirizzi tal-email, u jintu\u017caw biex jg\u0127inuna ntejbu l-esperjenza tal-utent fuq is-sit.<\/p>\t\t\t\t\t\t\t\t<\/div>\n\t\t\t\t<\/div>\n\t\t\t\t<div class=\"elementor-element elementor-element-269aaa85 elementor-widget elementor-widget-heading\" data-id=\"269aaa85\" data-element_type=\"widget\" data-e-type=\"widget\" data-widget_type=\"heading.default\">\n\t\t\t\t<div class=\"elementor-widget-container\">\n\t\t\t\t\t<h2 class=\"elementor-heading-title elementor-size-default\">Kif tne\u0127\u0127i l-cookies?<\/h2>\t\t\t\t<\/div>\n\t\t\t\t<\/div>\n\t\t\t\t<div class=\"elementor-element elementor-element-6d93c8bf elementor-widget elementor-widget-text-editor\" data-id=\"6d93c8bf\" data-element_type=\"widget\" data-e-type=\"widget\" data-widget_type=\"text-editor.default\">\n\t\t\t\t<div class=\"elementor-widget-container\">\n\t\t\t\t\t\t\t\t\t<p>Jekk tixtieq tillimita jew twaqqaf il-cookies li huma stabbiliti mis-sit tag\u0127na, inti tista\u2019 tag\u0127mel dan permezz tal-konfigurazzjonijiet tal-browser. Tista\u2019 wkoll i\u017c\u017cur www.internetcookies.com li g\u0127andha informazzjoni komprensiva kif tista\u2019 tag\u0127mel dan b\u2019varjet\u00e0 ta\u2019 browsers u apparat. Se ssib informazzjoni \u0121enerali fuq il-cookies u dettalji ta\u2019 kif tista\u2019 tne\u0127\u0127i l-cookies minn fuq l-apparat tieg\u0127ek.<a href=\"https:\/\/www.internetcookies.com\/\">https:\/\/www.internetcookies.com\/<\/a><\/p>\t\t\t\t\t\t\t\t<\/div>\n\t\t\t\t<\/div>\n\t\t\t\t<div class=\"elementor-element elementor-element-fb3ebe2 elementor-widget elementor-widget-heading\" data-id=\"fb3ebe2\" data-element_type=\"widget\" data-e-type=\"widget\" data-widget_type=\"heading.default\">\n\t\t\t\t<div class=\"elementor-widget-container\">\n\t\t\t\t\t<h2 class=\"elementor-heading-title elementor-size-default\">Ikkuntattjana<\/h2>\t\t\t\t<\/div>\n\t\t\t\t<\/div>\n\t\t\t\t<div class=\"elementor-element elementor-element-785a7f37 elementor-widget elementor-widget-text-editor\" data-id=\"785a7f37\" data-element_type=\"widget\" data-e-type=\"widget\" data-widget_type=\"text-editor.default\">\n\t\t\t\t<div class=\"elementor-widget-container\">\n\t\t\t\t\t\t\t\t\t<p>Jekk g\u0127andek xi mistoqsijiet fuq din il-politika tag\u0127na jew dwar l-u\u017cu tal-cookies tag\u0127na, jekk jog\u0127\u0121bok ikkuntattjana.<\/p>\t\t\t\t\t\t\t\t<\/div>\n\t\t\t\t<\/div>\n\t\t\t\t\t<\/div>\n\t\t<\/div>\n\t\t\t\t\t<\/div>\n\t\t<\/section>\n\t\t\t\t<\/div>\n\t\t","protected":false},"excerpt":{"rendered":"<p>Politika tal-Cookie Politika tal-Cookie Mudell \u0120eneriku g\u0127all-Politika tal-Cookie Jekk jog\u0127\u0121bok aqra l-politika tal-cookie sew qabel ma tu\u017ca s-sit www.teatrumanoel.mt operat minna. X\u2019inhuma cookies? Cookies huma fajls ta\u2019 testi sempli\u010bi li ji\u0121u ma\u0127\u017cuna fil-kompjuter, apparat jew mobile tieg\u0127ek permezz tas-server tal-website. Kull cookie hi unika g\u0127all-browser tieg\u0127ek. Se jkollha xi informazzjoni anonima b\u0127al identifikatur uniku, l-isem [&hellip;]<\/p>\n","protected":false},"author":2,"featured_media":0,"parent":0,"menu_order":0,"comment_status":"closed","ping_status":"closed","template":"elementor_header_footer","meta":{"_acf_changed":false,"footnotes":""},"class_list":["post-2652","page","type-page","status-publish","hentry"],"acf":[],"_links":{"self":[{"href":"https:\/\/teatrumanoel.mt\/mt\/wp-json\/wp\/v2\/pages\/2652","targetHints":{"allow":["GET"]}}],"collection":[{"href":"https:\/\/teatrumanoel.mt\/mt\/wp-json\/wp\/v2\/pages"}],"about":[{"href":"https:\/\/teatrumanoel.mt\/mt\/wp-json\/wp\/v2\/types\/page"}],"author":[{"embeddable":true,"href":"https:\/\/teatrumanoel.mt\/mt\/wp-json\/wp\/v2\/users\/2"}],"replies":[{"embeddable":true,"href":"https:\/\/teatrumanoel.mt\/mt\/wp-json\/wp\/v2\/comments?post=2652"}],"version-history":[{"count":15,"href":"https:\/\/teatrumanoel.mt\/mt\/wp-json\/wp\/v2\/pages\/2652\/revisions"}],"predecessor-version":[{"id":4718,"href":"https:\/\/teatrumanoel.mt\/mt\/wp-json\/wp\/v2\/pages\/2652\/revisions\/4718"}],"wp:attachment":[{"href":"https:\/\/teatrumanoel.mt\/mt\/wp-json\/wp\/v2\/media?parent=2652"}],"curies":[{"name":"wp","href":"https:\/\/api.w.org\/{rel}","templated":true}]}}