{"id":3784,"date":"2023-05-04T09:12:18","date_gmt":"2023-05-04T09:12:18","guid":{"rendered":"https:\/\/teatrumanoel.com.mt\/?page_id=3784"},"modified":"2024-07-31T09:20:02","modified_gmt":"2024-07-31T09:20:02","slug":"termini-u-kundizzjonijiet","status":"publish","type":"page","link":"https:\/\/teatrumanoel.mt\/mt\/termini-u-kundizzjonijiet\/","title":{"rendered":"Termini u Kundizzjonijiet"},"content":{"rendered":"\t\t<div data-elementor-type=\"wp-page\" data-elementor-id=\"3784\" class=\"elementor elementor-3784 elementor-3783\" data-elementor-post-type=\"page\">\n\t\t\t\t\t\t<section class=\"elementor-section elementor-top-section elementor-element elementor-element-8bc25b8 elementor-section-height-min-height elementor-section-boxed elementor-section-height-default elementor-section-items-middle\" data-id=\"8bc25b8\" data-element_type=\"section\" data-e-type=\"section\" data-settings=\"{&quot;background_background&quot;:&quot;classic&quot;}\">\n\t\t\t\t\t\t\t<div class=\"elementor-background-overlay\"><\/div>\n\t\t\t\t\t\t\t<div class=\"elementor-container elementor-column-gap-default\">\n\t\t\t\t\t<div class=\"elementor-column elementor-col-100 elementor-top-column elementor-element elementor-element-5b3d4d9\" data-id=\"5b3d4d9\" data-element_type=\"column\" data-e-type=\"column\">\n\t\t\t<div class=\"elementor-widget-wrap elementor-element-populated\">\n\t\t\t\t\t\t<div class=\"elementor-element elementor-element-eb88b47 elementor-hidden-mobile elementor-widget elementor-widget-heading\" data-id=\"eb88b47\" data-element_type=\"widget\" data-e-type=\"widget\" data-widget_type=\"heading.default\">\n\t\t\t\t<div class=\"elementor-widget-container\">\n\t\t\t\t\t<h2 class=\"elementor-heading-title elementor-size-default\">Termini u Kundizzjonijiet<\/h2>\t\t\t\t<\/div>\n\t\t\t\t<\/div>\n\t\t\t\t<div class=\"elementor-element elementor-element-0627dc7 elementor-hidden-desktop elementor-hidden-tablet elementor-widget elementor-widget-heading\" data-id=\"0627dc7\" data-element_type=\"widget\" data-e-type=\"widget\" data-widget_type=\"heading.default\">\n\t\t\t\t<div class=\"elementor-widget-container\">\n\t\t\t\t\t<h2 class=\"elementor-heading-title elementor-size-default\">Termini u Kundizzjonijiet<\/h2>\t\t\t\t<\/div>\n\t\t\t\t<\/div>\n\t\t\t\t\t<\/div>\n\t\t<\/div>\n\t\t\t\t\t<\/div>\n\t\t<\/section>\n\t\t\t\t<section class=\"elementor-section elementor-top-section elementor-element elementor-element-de110be elementor-section-boxed elementor-section-height-default elementor-section-height-default\" data-id=\"de110be\" data-element_type=\"section\" data-e-type=\"section\">\n\t\t\t\t\t\t<div class=\"elementor-container elementor-column-gap-default\">\n\t\t\t\t\t<div class=\"elementor-column elementor-col-100 elementor-top-column elementor-element elementor-element-78328d4\" data-id=\"78328d4\" data-element_type=\"column\" data-e-type=\"column\">\n\t\t\t<div class=\"elementor-widget-wrap elementor-element-populated\">\n\t\t\t\t\t\t<div class=\"elementor-element elementor-element-5f9fd0d elementor-widget elementor-widget-heading\" data-id=\"5f9fd0d\" data-element_type=\"widget\" data-e-type=\"widget\" data-widget_type=\"heading.default\">\n\t\t\t\t<div class=\"elementor-widget-container\">\n\t\t\t\t\t<h2 class=\"elementor-heading-title elementor-size-default\">Termini u Kundizzjonijiet tal-U\u017cu (TCU)<\/h2>\t\t\t\t<\/div>\n\t\t\t\t<\/div>\n\t\t\t\t<div class=\"elementor-element elementor-element-342f5cd elementor-widget elementor-widget-text-editor\" data-id=\"342f5cd\" data-element_type=\"widget\" data-e-type=\"widget\" data-widget_type=\"text-editor.default\">\n\t\t\t\t<div class=\"elementor-widget-container\">\n\t\t\t\t\t\t\t\t\t<p><span style=\"font-weight: 400;\">Mer\u0127ba fis-sit tat-Teatru Manoel (iktar \u2019il quddiem imsejja\u0127 l-entit\u00e0) (is-\u201cSit\u201d). Jekk jog\u0127\u0121bok aqra dawn it-termini tal-u\u017cu bir-reqqa qabel tu\u017ca s-Sit. Billi tu\u017ca u ta\u010b\u010bessa dan is-sit qed tindika li taqbel mat-termini u l-kundizzjonijiet. Jekk ma taqbilx mag\u0127hom, jekk jog\u0127\u0121bok \u0127alli s-sit immedjatament.<\/span><\/p>\n<p><span style=\"font-weight: 400;\">Teatru Manoel jopera u jikkontrolla dan is-sit u g\u0127alhekk jirriserva d-dritt, fid-diskrezzjoni unika tieg\u0127u, li jimmodifika, jibdel jew ja\u0121\u0121orna b\u2019xi mod jew ie\u0127or dawn it-Termini ta\u2019 U\u017cu fi kwalunkwe \u0127in. Bl-u\u017cu tieg\u0127ek fuq dan is-Sit, taqbel li tkun marbut b\u2019tali modifiki, bidliet jew a\u0121\u0121ornamenti.<\/span><\/p>\n\t\t\t\t\t\t\t\t<\/div>\n\t\t\t\t<\/div>\n\t\t\t\t<div class=\"elementor-element elementor-element-1631c0d elementor-widget elementor-widget-heading\" data-id=\"1631c0d\" data-element_type=\"widget\" data-e-type=\"widget\" data-widget_type=\"heading.default\">\n\t\t\t\t<div class=\"elementor-widget-container\">\n\t\t\t\t\t<h2 class=\"elementor-heading-title elementor-size-default\">Mailing Lists<\/h2>\t\t\t\t<\/div>\n\t\t\t\t<\/div>\n\t\t\t\t<div class=\"elementor-element elementor-element-6b6fcdd elementor-widget elementor-widget-text-editor\" data-id=\"6b6fcdd\" data-element_type=\"widget\" data-e-type=\"widget\" data-widget_type=\"text-editor.default\">\n\t\t\t\t<div class=\"elementor-widget-container\">\n\t\t\t\t\t\t\t\t\t<p>Billi tirre\u0121istra b\u0127ala web user, qed taqbel li tintbag\u0127at informazzjoni dwar attivitajiet organizzati u g\u0127addejjin fit-Teatru Manoel.<\/p>\n<p>Jekk tidde\u010biedi li ma tir\u010bevix xi wa\u0127da jew it-tip ta&#8217; informazzjoni msemmi hawn fuq, jekk jog\u0127\u0121bok g\u0127arrafna.<\/p>\n\t\t\t\t\t\t\t\t<\/div>\n\t\t\t\t<\/div>\n\t\t\t\t<div class=\"elementor-element elementor-element-92d458e elementor-widget elementor-widget-heading\" data-id=\"92d458e\" data-element_type=\"widget\" data-e-type=\"widget\" data-widget_type=\"heading.default\">\n\t\t\t\t<div class=\"elementor-widget-container\">\n\t\t\t\t\t<h2 class=\"elementor-heading-title elementor-size-default\">Xiri ta' Biljetti Online<\/h2>\t\t\t\t<\/div>\n\t\t\t\t<\/div>\n\t\t\t\t<div class=\"elementor-element elementor-element-c0bd423 elementor-widget elementor-widget-text-editor\" data-id=\"c0bd423\" data-element_type=\"widget\" data-e-type=\"widget\" data-widget_type=\"text-editor.default\">\n\t\t\t\t<div class=\"elementor-widget-container\">\n\t\t\t\t\t\t\t\t\t<p>L-entit\u00e0 tu\u017ca l-MITA Payment Gateway. Id-dettalji personali kollha huma encrypted, u l-ebda dettalji tal-karta ta\u2019 kreditu ma huma ma\u0127\u017cuna minn Teatru Manoel. Filwaqt li l-entit\u00e0 ppruvat tag\u0127mel il-\u0127las kemm jista&#8217; jkun sikur, l-utent jifhem li xi riskji jistg\u0127u jkunu g\u0127adhom je\u017cistu u li kwalunkwe telf ta&#8217; data personali ma jistax jirri\u017culta f&#8217;responsabbilt\u00e0 tal-entit\u00e0.<\/p>\n\t\t\t\t\t\t\t\t<\/div>\n\t\t\t\t<\/div>\n\t\t\t\t<div class=\"elementor-element elementor-element-ea4d44d elementor-widget elementor-widget-heading\" data-id=\"ea4d44d\" data-element_type=\"widget\" data-e-type=\"widget\" data-widget_type=\"heading.default\">\n\t\t\t\t<div class=\"elementor-widget-container\">\n\t\t\t\t\t<h2 class=\"elementor-heading-title elementor-size-default\">Usernames u passwords<\/h2>\t\t\t\t<\/div>\n\t\t\t\t<\/div>\n\t\t\t\t<div class=\"elementor-element elementor-element-64a57a4 elementor-widget elementor-widget-text-editor\" data-id=\"64a57a4\" data-element_type=\"widget\" data-e-type=\"widget\" data-widget_type=\"text-editor.default\">\n\t\t\t\t<div class=\"elementor-widget-container\">\n\t\t\t\t\t\t\t\t\t<p><span style=\"font-weight: 400;\">Jekk jog\u0127\u0121bok kun af li inti responsabbli g\u0127all-username u l-password li tu\u017ca fuq dan is-sit. G\u0127andek dejjem i\u017c\u017commhom kunfidenzjali u g\u0127andek tibdilhom perjodikament. Jekk ta\u0127seb li xi \u0127add ie\u0127or kiseb a\u010b\u010bess g\u0127all-username u l-password tieg\u0127ek g\u0127andek tibdilhom mill-ewwel.<\/span><\/p>\n\t\t\t\t\t\t\t\t<\/div>\n\t\t\t\t<\/div>\n\t\t\t\t<div class=\"elementor-element elementor-element-f4a602d elementor-widget elementor-widget-heading\" data-id=\"f4a602d\" data-element_type=\"widget\" data-e-type=\"widget\" data-widget_type=\"heading.default\">\n\t\t\t\t<div class=\"elementor-widget-container\">\n\t\t\t\t\t<h2 class=\"elementor-heading-title elementor-size-default\">Rifu\u017cjonijiet<\/h2>\t\t\t\t<\/div>\n\t\t\t\t<\/div>\n\t\t\t\t<div class=\"elementor-element elementor-element-11ed5b5 elementor-widget elementor-widget-text-editor\" data-id=\"11ed5b5\" data-element_type=\"widget\" data-e-type=\"widget\" data-widget_type=\"text-editor.default\">\n\t\t\t\t<div class=\"elementor-widget-container\">\n\t\t\t\t\t\t\t\t\t<p><span style=\"font-weight: 400;\">Il-bejg\u0127 tal-biljetti huwa finali u mhux rimborsabbli. Int responsabbli g\u0127ad-dettalji li tissottometti inklu\u017c l-g\u0127a\u017cla tal-ispettaklu u d-data korretta. L-entitajiet ma jistg\u0127ux jin\u017cammu responsabbli g\u0127al xi \u017cbalji tal-klijenti. Jekk it-tran\u017cazzjoni ma titlestiex, il-flus ma jitnaqqsux mill-kont tieg\u0127ek.<\/span><\/p>\n\t\t\t\t\t\t\t\t<\/div>\n\t\t\t\t<\/div>\n\t\t\t\t<div class=\"elementor-element elementor-element-13dc7fc elementor-widget elementor-widget-heading\" data-id=\"13dc7fc\" data-element_type=\"widget\" data-e-type=\"widget\" data-widget_type=\"heading.default\">\n\t\t\t\t<div class=\"elementor-widget-container\">\n\t\t\t\t\t<h2 class=\"elementor-heading-title elementor-size-default\">Disponibbilt\u00e0 fuq is-Sit<\/h2>\t\t\t\t<\/div>\n\t\t\t\t<\/div>\n\t\t\t\t<div class=\"elementor-element elementor-element-fccc3bc elementor-widget elementor-widget-text-editor\" data-id=\"fccc3bc\" data-element_type=\"widget\" data-e-type=\"widget\" data-widget_type=\"text-editor.default\">\n\t\t\t\t<div class=\"elementor-widget-container\">\n\t\t\t\t\t\t\t\t\t<p><span style=\"font-weight: 400;\">Il-bejg\u0127 tal-biljetti online huwa servizz offrut minn Teatru Manoel. L-entit\u00e0 tirriserva d-dritt li twaqqaf jew tillimita l-u\u017cu tieg\u0127u.<\/span><\/p>\n\t\t\t\t\t\t\t\t<\/div>\n\t\t\t\t<\/div>\n\t\t\t\t<div class=\"elementor-element elementor-element-1d616cb elementor-widget elementor-widget-heading\" data-id=\"1d616cb\" data-element_type=\"widget\" data-e-type=\"widget\" data-widget_type=\"heading.default\">\n\t\t\t\t<div class=\"elementor-widget-container\">\n\t\t\t\t\t<h2 class=\"elementor-heading-title elementor-size-default\">Disponibbilt\u00e0 tal-Biljetti<\/h2>\t\t\t\t<\/div>\n\t\t\t\t<\/div>\n\t\t\t\t<div class=\"elementor-element elementor-element-874d065 elementor-widget elementor-widget-text-editor\" data-id=\"874d065\" data-element_type=\"widget\" data-e-type=\"widget\" data-widget_type=\"text-editor.default\">\n\t\t\t\t<div class=\"elementor-widget-container\">\n\t\t\t\t\t\t\t\t\t<p><span style=\"font-weight: 400;\">Il-bejg\u0127 tal-biljetti online huwa su\u0121\u0121ett g\u0127ad-disponibbilt\u00e0.<\/span><\/p>\n\t\t\t\t\t\t\t\t<\/div>\n\t\t\t\t<\/div>\n\t\t\t\t<div class=\"elementor-element elementor-element-aeb47c7 elementor-widget elementor-widget-heading\" data-id=\"aeb47c7\" data-element_type=\"widget\" data-e-type=\"widget\" data-widget_type=\"heading.default\">\n\t\t\t\t<div class=\"elementor-widget-container\">\n\t\t\t\t\t<h2 class=\"elementor-heading-title elementor-size-default\">Prezz tal-biljett<\/h2>\t\t\t\t<\/div>\n\t\t\t\t<\/div>\n\t\t\t\t<div class=\"elementor-element elementor-element-d0f23b2 elementor-widget elementor-widget-text-editor\" data-id=\"d0f23b2\" data-element_type=\"widget\" data-e-type=\"widget\" data-widget_type=\"text-editor.default\">\n\t\t\t\t<div class=\"elementor-widget-container\">\n\t\t\t\t\t\t\t\t\t<p><span style=\"font-weight: 400;\">Il-prezz tal-biljett ikun b&#8217;mod \u010bar fuq l-iskrin qabel it-tran\u017cazzjoni. Dan il-prezz jinkludi t-Taxxa fuq il-Valur Mi\u017cjud, fejn hu applikabbli. Il-prezz tad-d\u0127ul jista\u2019 jinbidel fi kwalunkwe \u0127in fid-diskrezzjoni unika tat-tmexxija.<\/span><\/p>\n\t\t\t\t\t\t\t\t<\/div>\n\t\t\t\t<\/div>\n\t\t\t\t<div class=\"elementor-element elementor-element-61d289f elementor-widget elementor-widget-heading\" data-id=\"61d289f\" data-element_type=\"widget\" data-e-type=\"widget\" data-widget_type=\"heading.default\">\n\t\t\t\t<div class=\"elementor-widget-container\">\n\t\t\t\t\t<h2 class=\"elementor-heading-title elementor-size-default\">Skontijiet u Promozzjonijiet<\/h2>\t\t\t\t<\/div>\n\t\t\t\t<\/div>\n\t\t\t\t<div class=\"elementor-element elementor-element-c46cf4a elementor-widget elementor-widget-text-editor\" data-id=\"c46cf4a\" data-element_type=\"widget\" data-e-type=\"widget\" data-widget_type=\"text-editor.default\">\n\t\t\t\t<div class=\"elementor-widget-container\">\n\t\t\t\t\t\t\t\t\t<p><span style=\"font-weight: 400;\">Jekk jog\u0127\u0121bok kun af li mhux l-iskontijiet u l-promozzjonijiet kollha jistg\u0127u jkunu disponibbli online. Madankollu dawn se jkunu disponibbli fl-uffi\u010b\u010bini tal-ibbukkjar. Jekk jog\u0127\u0121bok ikkuntattjana g\u0127al aktar informazzjoni u g\u0127al promozzjonijiet li jistg\u0127u jkunu g\u0127addejjin minn \u017cmien g\u0127al \u017cmien.<\/span><\/p>\n\t\t\t\t\t\t\t\t<\/div>\n\t\t\t\t<\/div>\n\t\t\t\t<div class=\"elementor-element elementor-element-e8f61a6 elementor-widget elementor-widget-heading\" data-id=\"e8f61a6\" data-element_type=\"widget\" data-e-type=\"widget\" data-widget_type=\"heading.default\">\n\t\t\t\t<div class=\"elementor-widget-container\">\n\t\t\t\t\t<h2 class=\"elementor-heading-title elementor-size-default\">Responsabbilt\u00e0<\/h2>\t\t\t\t<\/div>\n\t\t\t\t<\/div>\n\t\t\t\t<div class=\"elementor-element elementor-element-775abda elementor-widget elementor-widget-text-editor\" data-id=\"775abda\" data-element_type=\"widget\" data-e-type=\"widget\" data-widget_type=\"text-editor.default\">\n\t\t\t\t<div class=\"elementor-widget-container\">\n\t\t\t\t\t\t\t\t\t<p><span style=\"font-weight: 400;\">Xi drabi, min\u0127abba \u010birkostanzi mhux mistennija, xi spettaklu jkollu ji\u0121i kkan\u010bellat jew ji\u0121i pospost. Teatru Manoel ma jistax jin\u017camm responsabbli g\u0127al ebda ammont g\u0127ajr l-ispi\u017ca tal-biljetti mixtrija jekk l-entit\u00e0 tkun qed tipprodu\u010bi l-produzzjoni. Teatru Manoel ma jistax jin\u017camm responsabbli g\u0127al produzzjonijiet ta\u2019 terzi entitajiet. L-isem tal-produttur huwa identifikat b\u2019mod \u010bar fil-lista tal-avvenimenti.<\/span><\/p>\n\t\t\t\t\t\t\t\t<\/div>\n\t\t\t\t<\/div>\n\t\t\t\t<div class=\"elementor-element elementor-element-8bc62cb elementor-widget elementor-widget-heading\" data-id=\"8bc62cb\" data-element_type=\"widget\" data-e-type=\"widget\" data-widget_type=\"heading.default\">\n\t\t\t\t<div class=\"elementor-widget-container\">\n\t\t\t\t\t<h2 class=\"elementor-heading-title elementor-size-default\">Bejg\u0127 mill-\u0121did<\/h2>\t\t\t\t<\/div>\n\t\t\t\t<\/div>\n\t\t\t\t<div class=\"elementor-element elementor-element-d741387 elementor-widget elementor-widget-text-editor\" data-id=\"d741387\" data-element_type=\"widget\" data-e-type=\"widget\" data-widget_type=\"text-editor.default\">\n\t\t\t\t<div class=\"elementor-widget-container\">\n\t\t\t\t\t\t\t\t\t<p><span style=\"font-weight: 400;\">Meta tixtri l-biljetti online, int tiggarantixxi li l-biljetti huma g\u0127all-u\u017cu personali tieg\u0127ek biss u mhux biex ter\u0121a\u2019 tbieg\u0127hom.<\/span><\/p>\n\t\t\t\t\t\t\t\t<\/div>\n\t\t\t\t<\/div>\n\t\t\t\t<div class=\"elementor-element elementor-element-5d84074 elementor-widget elementor-widget-heading\" data-id=\"5d84074\" data-element_type=\"widget\" data-e-type=\"widget\" data-widget_type=\"heading.default\">\n\t\t\t\t<div class=\"elementor-widget-container\">\n\t\t\t\t\t<h2 class=\"elementor-heading-title elementor-size-default\">Politika dwar il-Protezzjoni tad-Data<\/h2>\t\t\t\t<\/div>\n\t\t\t\t<\/div>\n\t\t\t\t<div class=\"elementor-element elementor-element-26fb703 elementor-widget elementor-widget-text-editor\" data-id=\"26fb703\" data-element_type=\"widget\" data-e-type=\"widget\" data-widget_type=\"text-editor.default\">\n\t\t\t\t<div class=\"elementor-widget-container\">\n\t\t\t\t\t\t\t\t\t<p><span style=\"font-weight: 400;\">Teatru Manoel jopera skont il-Le\u0121islazzjoni dwar il-Protezzjoni tad-Data. A\u0127na ni\u0121bru biss informazzjoni li tkun \u0121iet mog\u0127tija lilna mill-klijent. Id-dettalji tal-karta tal-kreditu qatt ma jin\u0121abru mill-entit\u00e0 jew minn kwalunkwe kumpanija sussidjarja tag\u0127ha. A\u0127na qatt mhu se ng\u0127addu xi dettalji tieg\u0127ek lil xi partijiet terzi ming\u0127ajr il-kon\u010bessjoni tieg\u0127ek. L-informazzjoni se tintu\u017ca skont l-att dwar il-Protezzjoni tad-Data biex tippro\u010bessa t-talba tieg\u0127ek online kif ukoll g\u0127al skopijiet amministrattivi u stori\u010bi.<\/span><\/p>\n<p><span style=\"font-weight: 400;\">Jekk tixtieq titne\u0127\u0127a mill-mailing list tag\u0127na jew mid-database tag\u0127na jekk jog\u0127\u0121bok ibg\u0127atilna e-mail fuq bookings@teatrumanoel.mt<\/span><\/p>\n\t\t\t\t\t\t\t\t<\/div>\n\t\t\t\t<\/div>\n\t\t\t\t<div class=\"elementor-element elementor-element-2c160e6 elementor-widget elementor-widget-text-editor\" data-id=\"2c160e6\" data-element_type=\"widget\" data-e-type=\"widget\" data-widget_type=\"text-editor.default\">\n\t\t\t\t<div class=\"elementor-widget-container\">\n\t\t\t\t\t\t\t\t\t<p>Ix-xiri tal-biljetti jirrappre\u017centa l-a\u010b\u010bettazzjoni tat-termini u l-kundizzjonijiet li \u0121ejjin:<\/p><ol><li>Il-biljetti g\u0127andhom ji\u0121u \u010b\u010bekkjati qabel ma jitilqu mill-uffi\u010b\u010bju tal-prenotazzjoni.<\/li><li>Dawk li jaslu tard jidda\u0127\u0127lu fl-Awditorju wara l-ewwel waqfa.<\/li><li>L-ebda fliexken, tazzi, xorb, ikel e\u010b\u010b. mhuma permessi fl-Awditorju u kwalunkwe \u017cona o\u0127ra ristretta.<\/li><li>Il-mowbajls u kull apparat elettroniku ie\u0127or g\u0127andhom jintfew fl-Awditorju.<\/li><li>It-te\u0127id ta&#8217; ritratti, \u0127sejjes u re\u0121istrazzjonijiet tal-vidjow waqt il-prestazzjoni mhux permess.<\/li><li>Tfal ta\u0127t is-6 snin mhux se jidda\u0127\u0127lu \u0127lief g\u0127al wirjiet tat-tfal u tal-familja.<\/li><li>It-tfal, anke meta jkunu akkumpanjati mill-\u0121enituri tag\u0127hom, ikunu me\u0127tie\u0121a li jokkupaw si\u0121\u0121u.<\/li><li>F&#8217;konformit\u00e0 mal-Att dwar il-Protezzjoni tad-Data, ix-xiri ta&#8217; dan il-biljett ifisser a\u010b\u010bettazzjoni li b\u0127ala membru tal-udjenza d-detentur jista&#8217; ji\u0121i ffilmjat u\/jew irrekordjat g\u0127al xandir eventwali. Barra minn hekk, id-dejta personali, jekk ipprovduta, tista&#8217; tintu\u017ca f&#8217;listi tal-posta g\u0127al avvenimenti teatrali esklussivament.<\/li><li>Il-Mani\u0121ment jirri\u017cerva d-dritt li jvarja jew i\u0127alli barra kwalunkwe parti tal-programm ming\u0127ajr avvi\u017c minn qabel.<\/li><li>Biljetti mixtrija mhumiex rimborsabbli.<\/li><li><span style=\"font-family: 'Arial',sans-serif;\">Ir-reponsabbilt<span style=\"color: #202122; background: white;\">\u00e0<\/span><\/span> <span style=\"font-family: 'Arial',sans-serif;\">tat-tfal hija tal-<\/span><span lang=\"MT\" style=\"font-family: 'Arial',sans-serif; mso-ansi-language: MT;\">\u0121enituri jew min jakkumpanjahom sabiex jaraw il-produzzjoni. Waqt il-produzzjonijiet, it-tfal jridu jkunu dejjem akkumpanjati minn adult <\/span><\/li><li><span lang=\"MT\" style=\"font-family: 'Arial',sans-serif; mso-ansi-language: MT;\">Meta t-tfal jattendu g\u0127al produzzjoni b\u0127ala \u0127ar\u0121a organizzata mill-iskola, l-g\u0127alliema jew min qieg\u0127ed jakkumpanjahom, huma resposabbli tag\u0127hom.<\/span><\/li><li>Tfal li li jit\u0127allew wa\u0127edhom waqt jew wara li tispi\u010b\u010ba l-produzzjoni, mhix reponsabbilt<span style=\"font-family: Arial, sans-serif; letter-spacing: var( --e-global-typography-80949f7-letter-spacing ); word-spacing: var( --e-global-typography-80949f7-word-spacing ); color: #202122; background: white;\">\u00e0<\/span><span lang=\"MT\" style=\"font-family: Arial, sans-serif; background-color: transparent; letter-spacing: var( --e-global-typography-80949f7-letter-spacing ); word-spacing: var( --e-global-typography-80949f7-word-spacing );\"> tat-Teatru Manoel li jie\u0127u \u0127siebhom. Jekk tifel jew <\/span>tifla jit\u0127allew wa\u0127edhom, it-Teatru jie\u0127u l-azzjonijiet me\u0127tie\u0121a fil-mument u mhux esklu\u017c li jkunu mg\u0127arrfa l-awtorijiet relevanti.<\/li><li><span lang=\"MT\" style=\"font-family: 'Arial',sans-serif; mso-ansi-language: MT;\">It-Teatru Manoel mhux resposabbli g\u0127al kull korriment li jista\u2019 jse\u0127\u0127 fit-Teatru. Jekk minuri jwe\u0121\u0121g\u0127u, ikunu responsabbli g\u0127alihom il-\u0121enituri, l-g\u0127alliema jew min qed jakkumpanjahom.\u00a0<\/span><\/li><\/ol>\t\t\t\t\t\t\t\t<\/div>\n\t\t\t\t<\/div>\n\t\t\t\t\t<\/div>\n\t\t<\/div>\n\t\t\t\t\t<\/div>\n\t\t<\/section>\n\t\t\t\t<\/div>\n\t\t","protected":false},"excerpt":{"rendered":"<p>Termini u Kundizzjonijiet Termini u Kundizzjonijiet Termini u Kundizzjonijiet tal-U\u017cu (TCU) Mer\u0127ba fis-sit tat-Teatru Manoel (iktar \u2019il quddiem imsejja\u0127 l-entit\u00e0) (is-\u201cSit\u201d). Jekk jog\u0127\u0121bok aqra dawn it-termini tal-u\u017cu bir-reqqa qabel tu\u017ca s-Sit. Billi tu\u017ca u ta\u010b\u010bessa dan is-sit qed tindika li taqbel mat-termini u l-kundizzjonijiet. Jekk ma taqbilx mag\u0127hom, jekk jog\u0127\u0121bok \u0127alli s-sit immedjatament. Teatru Manoel [&hellip;]<\/p>\n","protected":false},"author":1,"featured_media":0,"parent":0,"menu_order":0,"comment_status":"closed","ping_status":"closed","template":"elementor_header_footer","meta":{"_acf_changed":false,"footnotes":""},"class_list":["post-3784","page","type-page","status-publish","hentry"],"acf":[],"_links":{"self":[{"href":"https:\/\/teatrumanoel.mt\/mt\/wp-json\/wp\/v2\/pages\/3784","targetHints":{"allow":["GET"]}}],"collection":[{"href":"https:\/\/teatrumanoel.mt\/mt\/wp-json\/wp\/v2\/pages"}],"about":[{"href":"https:\/\/teatrumanoel.mt\/mt\/wp-json\/wp\/v2\/types\/page"}],"author":[{"embeddable":true,"href":"https:\/\/teatrumanoel.mt\/mt\/wp-json\/wp\/v2\/users\/1"}],"replies":[{"embeddable":true,"href":"https:\/\/teatrumanoel.mt\/mt\/wp-json\/wp\/v2\/comments?post=3784"}],"version-history":[{"count":25,"href":"https:\/\/teatrumanoel.mt\/mt\/wp-json\/wp\/v2\/pages\/3784\/revisions"}],"predecessor-version":[{"id":8506,"href":"https:\/\/teatrumanoel.mt\/mt\/wp-json\/wp\/v2\/pages\/3784\/revisions\/8506"}],"wp:attachment":[{"href":"https:\/\/teatrumanoel.mt\/mt\/wp-json\/wp\/v2\/media?parent=3784"}],"curies":[{"name":"wp","href":"https:\/\/api.w.org\/{rel}","templated":true}]}}