{"id":5653,"date":"2023-09-13T12:41:12","date_gmt":"2023-09-13T12:41:12","guid":{"rendered":"https:\/\/teatrumanoel.mt\/?page_id=5653"},"modified":"2023-09-13T16:05:42","modified_gmt":"2023-09-13T16:05:42","slug":"sejha-ghal-senior-manager-tal-finanzi","status":"publish","type":"page","link":"https:\/\/teatrumanoel.mt\/mt\/opportunities\/sejha-ghal-senior-manager-tal-finanzi\/","title":{"rendered":"Sej\u0127a g\u0127al Senior Manager tal-Finanzi"},"content":{"rendered":"\t\t<div data-elementor-type=\"wp-page\" data-elementor-id=\"5653\" class=\"elementor elementor-5653\" data-elementor-post-type=\"page\">\n\t\t\t\t\t\t<\/div>\n\t\t","protected":false},"excerpt":{"rendered":"<p>Sej\u0127a g\u0127all-Applikazzjonijiet g\u0127al Senior Manager (Finanzi) fit-Teatru Manoel (Ref: HR\/TM\/03\/2023) Numru tal-Permess tal-JobsPlus: 652\/2023 Deskrizzjoni tax-xog\u0127ol Is-Senior Manager (Finanzi) jirrapporta lill-Uffi\u010bjali Kap E\u017cekuttiv u huwa responsabbli mill-aspetti finanzjarji kollha tat-Teatru Manoel, minn transazzjonijiet sal-ibba\u0121itjar. B\u2019\u0127idma mas-CEO, is-Senior Manager (Finanzi) jkun responsabbli li jipprovdi informazzjoni finanzjarja pre\u010bi\u017ca u fil-\u0127in kemm fi \u0127dan it-Teatru Manoel u esternament, [&hellip;]<\/p>\n","protected":false},"author":5,"featured_media":5559,"parent":5845,"menu_order":0,"comment_status":"closed","ping_status":"closed","template":"","meta":{"_acf_changed":false,"footnotes":""},"class_list":["post-5653","page","type-page","status-publish","has-post-thumbnail","hentry"],"acf":[],"_links":{"self":[{"href":"https:\/\/teatrumanoel.mt\/mt\/wp-json\/wp\/v2\/pages\/5653","targetHints":{"allow":["GET"]}}],"collection":[{"href":"https:\/\/teatrumanoel.mt\/mt\/wp-json\/wp\/v2\/pages"}],"about":[{"href":"https:\/\/teatrumanoel.mt\/mt\/wp-json\/wp\/v2\/types\/page"}],"author":[{"embeddable":true,"href":"https:\/\/teatrumanoel.mt\/mt\/wp-json\/wp\/v2\/users\/5"}],"replies":[{"embeddable":true,"href":"https:\/\/teatrumanoel.mt\/mt\/wp-json\/wp\/v2\/comments?post=5653"}],"version-history":[{"count":9,"href":"https:\/\/teatrumanoel.mt\/mt\/wp-json\/wp\/v2\/pages\/5653\/revisions"}],"predecessor-version":[{"id":5950,"href":"https:\/\/teatrumanoel.mt\/mt\/wp-json\/wp\/v2\/pages\/5653\/revisions\/5950"}],"up":[{"embeddable":true,"href":"https:\/\/teatrumanoel.mt\/mt\/wp-json\/wp\/v2\/pages\/5845"}],"wp:featuredmedia":[{"embeddable":true,"href":"https:\/\/teatrumanoel.mt\/mt\/wp-json\/wp\/v2\/media\/5559"}],"wp:attachment":[{"href":"https:\/\/teatrumanoel.mt\/mt\/wp-json\/wp\/v2\/media?parent=5653"}],"curies":[{"name":"wp","href":"https:\/\/api.w.org\/{rel}","templated":true}]}}