{"id":5722,"date":"2023-09-13T10:48:55","date_gmt":"2023-09-13T10:48:55","guid":{"rendered":"https:\/\/teatrumanoel.mt\/?page_id=5722"},"modified":"2023-09-13T12:41:06","modified_gmt":"2023-09-13T12:41:06","slug":"tmyo-awdizzjonijiet","status":"publish","type":"page","link":"https:\/\/teatrumanoel.mt\/mt\/tmyo-awdizzjonijiet\/","title":{"rendered":"Teatru Manoel Youth Opera &#8211; Awdizzjonijiet"},"content":{"rendered":"\t\t<div data-elementor-type=\"wp-page\" data-elementor-id=\"5722\" class=\"elementor elementor-5722\" data-elementor-post-type=\"page\">\n\t\t\t\t\t\t<\/div>\n\t\t","protected":false},"excerpt":{"rendered":"<p>Teatru Manoel Youth Opera &#8211; Awdizzjonijiet Is-sessjonijiet ta\u2019 kull \u0121img\u0127a tat-Teatru Manoel Youth Opera j\u0127arr\u0121u lill-istudenti f\u2019re\u010btar g\u0127all-kantanti, opra, operetta u xeni minn musicals. L-istudenti jing\u0127aqdu fil-pro\u010bess kreattiv ma\u2019 artisti professjonali biex flimkien jo\u0127olqu xog\u0127ol impenjattiv \u0121did. Filwaqt li j\u017commu f\u2019mo\u0127\u0127hom ir-realtajiet ta\u2019 kantanti tas-Seklu 21, l-istudenti ji\u0121u m\u0127e\u0121\u0121a jesploraw \u0121eneri ta\u2019 mu\u017cika differenti, u [&hellip;]<\/p>\n","protected":false},"author":9,"featured_media":5705,"parent":0,"menu_order":0,"comment_status":"closed","ping_status":"closed","template":"","meta":{"_acf_changed":false,"footnotes":""},"class_list":["post-5722","page","type-page","status-publish","has-post-thumbnail","hentry"],"acf":[],"_links":{"self":[{"href":"https:\/\/teatrumanoel.mt\/mt\/wp-json\/wp\/v2\/pages\/5722","targetHints":{"allow":["GET"]}}],"collection":[{"href":"https:\/\/teatrumanoel.mt\/mt\/wp-json\/wp\/v2\/pages"}],"about":[{"href":"https:\/\/teatrumanoel.mt\/mt\/wp-json\/wp\/v2\/types\/page"}],"author":[{"embeddable":true,"href":"https:\/\/teatrumanoel.mt\/mt\/wp-json\/wp\/v2\/users\/9"}],"replies":[{"embeddable":true,"href":"https:\/\/teatrumanoel.mt\/mt\/wp-json\/wp\/v2\/comments?post=5722"}],"version-history":[{"count":11,"href":"https:\/\/teatrumanoel.mt\/mt\/wp-json\/wp\/v2\/pages\/5722\/revisions"}],"predecessor-version":[{"id":5817,"href":"https:\/\/teatrumanoel.mt\/mt\/wp-json\/wp\/v2\/pages\/5722\/revisions\/5817"}],"wp:featuredmedia":[{"embeddable":true,"href":"https:\/\/teatrumanoel.mt\/mt\/wp-json\/wp\/v2\/media\/5705"}],"wp:attachment":[{"href":"https:\/\/teatrumanoel.mt\/mt\/wp-json\/wp\/v2\/media?parent=5722"}],"curies":[{"name":"wp","href":"https:\/\/api.w.org\/{rel}","templated":true}]}}