{"id":5789,"date":"2023-09-13T12:17:10","date_gmt":"2023-09-13T12:17:10","guid":{"rendered":"https:\/\/teatrumanoel.mt\/?page_id=5789"},"modified":"2023-09-13T12:40:57","modified_gmt":"2023-09-13T12:40:57","slug":"tmyt-awdizzjonijiet","status":"publish","type":"page","link":"https:\/\/teatrumanoel.mt\/mt\/tmyt-awdizzjonijiet\/","title":{"rendered":"Teatru Manoel Youth Theatre &#8211; Awdizzjonijiet"},"content":{"rendered":"\t\t<div data-elementor-type=\"wp-page\" data-elementor-id=\"5789\" class=\"elementor elementor-5789\" data-elementor-post-type=\"page\">\n\t\t\t\t\t\t<\/div>\n\t\t","protected":false},"excerpt":{"rendered":"<p>Teatru Manoel Youth Theatre &#8211; Awdizzjonijiet Teatru Manoel Youth Theatre, jistieden atturi aspiranti biex jitg\u0127allmu mill-aqwa prattikanti tar-re\u010btar fil-pajji\u017c. L-istudenti se ja\u0127dmu fuq tekniki tar-re\u010btar (vu\u010bi, moviment, \u017cvilupp tal-karattru) u jir\u010bievu gwida fit-tfassil tax-xog\u0127ol tag\u0127hom stess. L-atturi li jing\u0127aqdu ma&#8217; TMYT jista&#8217; jkollhom esperjenza ta&#8217; rappre\u017centazzjonijiet o\u0127ra u jkunu komdi fuq il-palk, madankollu a\u0127na wkoll [&hellip;]<\/p>\n","protected":false},"author":9,"featured_media":5705,"parent":0,"menu_order":0,"comment_status":"closed","ping_status":"closed","template":"","meta":{"_acf_changed":false,"footnotes":""},"class_list":["post-5789","page","type-page","status-publish","has-post-thumbnail","hentry"],"acf":[],"_links":{"self":[{"href":"https:\/\/teatrumanoel.mt\/mt\/wp-json\/wp\/v2\/pages\/5789","targetHints":{"allow":["GET"]}}],"collection":[{"href":"https:\/\/teatrumanoel.mt\/mt\/wp-json\/wp\/v2\/pages"}],"about":[{"href":"https:\/\/teatrumanoel.mt\/mt\/wp-json\/wp\/v2\/types\/page"}],"author":[{"embeddable":true,"href":"https:\/\/teatrumanoel.mt\/mt\/wp-json\/wp\/v2\/users\/9"}],"replies":[{"embeddable":true,"href":"https:\/\/teatrumanoel.mt\/mt\/wp-json\/wp\/v2\/comments?post=5789"}],"version-history":[{"count":6,"href":"https:\/\/teatrumanoel.mt\/mt\/wp-json\/wp\/v2\/pages\/5789\/revisions"}],"predecessor-version":[{"id":5819,"href":"https:\/\/teatrumanoel.mt\/mt\/wp-json\/wp\/v2\/pages\/5789\/revisions\/5819"}],"wp:featuredmedia":[{"embeddable":true,"href":"https:\/\/teatrumanoel.mt\/mt\/wp-json\/wp\/v2\/media\/5705"}],"wp:attachment":[{"href":"https:\/\/teatrumanoel.mt\/mt\/wp-json\/wp\/v2\/media?parent=5789"}],"curies":[{"name":"wp","href":"https:\/\/api.w.org\/{rel}","templated":true}]}}