{"id":5803,"date":"2023-09-13T12:21:50","date_gmt":"2023-09-13T12:21:50","guid":{"rendered":"https:\/\/teatrumanoel.mt\/?page_id=5803"},"modified":"2023-09-13T12:41:22","modified_gmt":"2023-09-13T12:41:22","slug":"tmyd-awdizzjonijiet","status":"publish","type":"page","link":"https:\/\/teatrumanoel.mt\/mt\/tmyd-awdizzjonijiet\/","title":{"rendered":"Teatru Manoel Youth Dance &#8211; Awdizzjonijiet"},"content":{"rendered":"\t\t<div data-elementor-type=\"wp-page\" data-elementor-id=\"5803\" class=\"elementor elementor-5803\" data-elementor-post-type=\"page\">\n\t\t\t\t\t\t<\/div>\n\t\t","protected":false},"excerpt":{"rendered":"<p>Teatru Manoel Youth Dance &#8211; Awdizzjonijiet Matul is-sessjonijiet ta\u2019 Teatru Manoel Youth Dance, l-istudenti se jkunu m\u0127e\u0121\u0121a jiskopru l-kreattivit\u00e0 tag\u0127hom permezz tal-moviment fi stili differenti ta\u2019 \u017cfin. Permezz ta\u2019 gwida mit-tutur tag\u0127hom, l-istudenti jkollhom i\u010b-\u010bans li jikkoreografaw u jesebixxu x-xog\u0127ol tag\u0127hom quddiem s\u0127abhom. I\u017c-\u017ceffiena li jing\u0127aqdu ma\u2019 TMYD jista&#8217; jkollhom esperjenza ta&#8217; rappre\u017centazzjonijiet o\u0127ra u [&hellip;]<\/p>\n","protected":false},"author":9,"featured_media":0,"parent":0,"menu_order":0,"comment_status":"closed","ping_status":"closed","template":"","meta":{"_acf_changed":false,"footnotes":""},"class_list":["post-5803","page","type-page","status-publish","hentry"],"acf":[],"_links":{"self":[{"href":"https:\/\/teatrumanoel.mt\/mt\/wp-json\/wp\/v2\/pages\/5803","targetHints":{"allow":["GET"]}}],"collection":[{"href":"https:\/\/teatrumanoel.mt\/mt\/wp-json\/wp\/v2\/pages"}],"about":[{"href":"https:\/\/teatrumanoel.mt\/mt\/wp-json\/wp\/v2\/types\/page"}],"author":[{"embeddable":true,"href":"https:\/\/teatrumanoel.mt\/mt\/wp-json\/wp\/v2\/users\/9"}],"replies":[{"embeddable":true,"href":"https:\/\/teatrumanoel.mt\/mt\/wp-json\/wp\/v2\/comments?post=5803"}],"version-history":[{"count":8,"href":"https:\/\/teatrumanoel.mt\/mt\/wp-json\/wp\/v2\/pages\/5803\/revisions"}],"predecessor-version":[{"id":5816,"href":"https:\/\/teatrumanoel.mt\/mt\/wp-json\/wp\/v2\/pages\/5803\/revisions\/5816"}],"wp:attachment":[{"href":"https:\/\/teatrumanoel.mt\/mt\/wp-json\/wp\/v2\/media?parent=5803"}],"curies":[{"name":"wp","href":"https:\/\/api.w.org\/{rel}","templated":true}]}}