{"id":5845,"date":"2023-09-13T12:43:15","date_gmt":"2023-09-13T12:43:15","guid":{"rendered":"https:\/\/teatrumanoel.mt\/?page_id=5845"},"modified":"2023-09-14T11:08:48","modified_gmt":"2023-09-14T11:08:48","slug":"opportunities","status":"publish","type":"page","link":"https:\/\/teatrumanoel.mt\/mt\/opportunities\/","title":{"rendered":"Opportunitajiet"},"content":{"rendered":"\t\t<div data-elementor-type=\"wp-page\" data-elementor-id=\"5845\" class=\"elementor elementor-5845\" data-elementor-post-type=\"page\">\n\t\t\t\t\t\t<section class=\"elementor-section elementor-top-section elementor-element elementor-element-2bce30b elementor-section-height-min-height elementor-section-boxed elementor-section-height-default elementor-section-items-middle\" data-id=\"2bce30b\" data-element_type=\"section\" data-e-type=\"section\" data-settings=\"{&quot;background_background&quot;:&quot;classic&quot;}\">\n\t\t\t\t\t\t\t<div class=\"elementor-background-overlay\"><\/div>\n\t\t\t\t\t\t\t<div class=\"elementor-container elementor-column-gap-default\">\n\t\t\t\t\t<div class=\"elementor-column elementor-col-100 elementor-top-column elementor-element elementor-element-9743244\" data-id=\"9743244\" data-element_type=\"column\" data-e-type=\"column\">\n\t\t\t<div class=\"elementor-widget-wrap elementor-element-populated\">\n\t\t\t\t\t\t<div class=\"elementor-element elementor-element-1a47e14 elementor-widget elementor-widget-heading\" data-id=\"1a47e14\" data-element_type=\"widget\" data-e-type=\"widget\" data-widget_type=\"heading.default\">\n\t\t\t\t<div class=\"elementor-widget-container\">\n\t\t\t\t\t<h2 class=\"elementor-heading-title elementor-size-default\">Opportunitajiet<\/h2>\t\t\t\t<\/div>\n\t\t\t\t<\/div>\n\t\t\t\t\t<\/div>\n\t\t<\/div>\n\t\t\t\t\t<\/div>\n\t\t<\/section>\n\t\t\t\t<section class=\"elementor-section elementor-top-section elementor-element elementor-element-59b0c6b5 elementor-section-full_width elementor-section-height-default elementor-section-height-default\" data-id=\"59b0c6b5\" data-element_type=\"section\" data-e-type=\"section\">\n\t\t\t\t\t\t<div class=\"elementor-container elementor-column-gap-default\">\n\t\t\t\t\t<div class=\"elementor-column elementor-col-100 elementor-top-column elementor-element elementor-element-5c7f8039\" data-id=\"5c7f8039\" data-element_type=\"column\" data-e-type=\"column\">\n\t\t\t<div class=\"elementor-widget-wrap elementor-element-populated\">\n\t\t\t\t\t\t<section class=\"elementor-section elementor-inner-section elementor-element elementor-element-4676a3f8 elementor-section-boxed elementor-section-height-default elementor-section-height-default\" data-id=\"4676a3f8\" data-element_type=\"section\" data-e-type=\"section\">\n\t\t\t\t\t\t<div class=\"elementor-container elementor-column-gap-default\">\n\t\t\t\t\t<div class=\"elementor-column elementor-col-50 elementor-inner-column elementor-element elementor-element-2c7553a9\" data-id=\"2c7553a9\" data-element_type=\"column\" data-e-type=\"column\">\n\t\t\t<div class=\"elementor-widget-wrap elementor-element-populated\">\n\t\t\t\t\t\t<div class=\"elementor-element elementor-element-4d7fe278 elementor-widget elementor-widget-image\" data-id=\"4d7fe278\" data-element_type=\"widget\" data-e-type=\"widget\" data-widget_type=\"image.default\">\n\t\t\t\t<div class=\"elementor-widget-container\">\n\t\t\t\t\t\t\t\t\t\t\t\t\t\t\t<img fetchpriority=\"high\" decoding=\"async\" width=\"800\" height=\"445\" src=\"https:\/\/teatrumanoel.mt\/wp-content\/uploads\/2023\/09\/Manager-of-Finance-new-web-1440x800-1-1024x569.jpg\" class=\"attachment-large size-large wp-image-5558\" alt=\"\" srcset=\"https:\/\/teatrumanoel.mt\/wp-content\/uploads\/2023\/09\/Manager-of-Finance-new-web-1440x800-1-1024x569.jpg 1024w, https:\/\/teatrumanoel.mt\/wp-content\/uploads\/2023\/09\/Manager-of-Finance-new-web-1440x800-1-300x167.jpg 300w, https:\/\/teatrumanoel.mt\/wp-content\/uploads\/2023\/09\/Manager-of-Finance-new-web-1440x800-1-768x427.jpg 768w, https:\/\/teatrumanoel.mt\/wp-content\/uploads\/2023\/09\/Manager-of-Finance-new-web-1440x800-1.jpg 1440w\" sizes=\"(max-width: 800px) 100vw, 800px\" \/>\t\t\t\t\t\t\t\t\t\t\t\t\t\t\t<\/div>\n\t\t\t\t<\/div>\n\t\t\t\t\t<\/div>\n\t\t<\/div>\n\t\t\t\t<div class=\"elementor-column elementor-col-50 elementor-inner-column elementor-element elementor-element-44ea8e23\" data-id=\"44ea8e23\" data-element_type=\"column\" data-e-type=\"column\">\n\t\t\t<div class=\"elementor-widget-wrap elementor-element-populated\">\n\t\t\t\t\t\t<div class=\"elementor-element elementor-element-57c9f4f9 elementor-widget elementor-widget-text-editor\" data-id=\"57c9f4f9\" data-element_type=\"widget\" data-e-type=\"widget\" data-widget_type=\"text-editor.default\">\n\t\t\t\t<div class=\"elementor-widget-container\">\n\t\t\t\t\t\t\t\t\t<h2>Sej\u0127a g\u0127al Senior<\/h2><h2>Manager (Finanzi)<\/h2><p>Data ta&#8217; skadenza g\u0127all-applikazzjonjiiet: 22 ta&#8217; September 2023<\/p>\t\t\t\t\t\t\t\t<\/div>\n\t\t\t\t<\/div>\n\t\t\t\t<div class=\"elementor-element elementor-element-62d782f1 elementor-widget elementor-widget-button\" data-id=\"62d782f1\" data-element_type=\"widget\" data-e-type=\"widget\" data-widget_type=\"button.default\">\n\t\t\t\t<div class=\"elementor-widget-container\">\n\t\t\t\t\t\t\t\t\t<div class=\"elementor-button-wrapper\">\n\t\t\t\t\t<a class=\"elementor-button elementor-button-link elementor-size-sm\" href=\"https:\/\/teatrumanoel.mt\/mt\/opportunities\/sejha-ghal-senior-manager-tal-finanzi\/\">\n\t\t\t\t\t\t<span class=\"elementor-button-content-wrapper\">\n\t\t\t\t\t\t\t\t\t<span class=\"elementor-button-text\">Aktar INformazzjoni<\/span>\n\t\t\t\t\t<\/span>\n\t\t\t\t\t<\/a>\n\t\t\t\t<\/div>\n\t\t\t\t\t\t\t\t<\/div>\n\t\t\t\t<\/div>\n\t\t\t\t\t<\/div>\n\t\t<\/div>\n\t\t\t\t\t<\/div>\n\t\t<\/section>\n\t\t\t\t<section class=\"elementor-section elementor-inner-section elementor-element elementor-element-e9f04b7 elementor-section-boxed elementor-section-height-default elementor-section-height-default\" data-id=\"e9f04b7\" data-element_type=\"section\" data-e-type=\"section\">\n\t\t\t\t\t\t<div class=\"elementor-container elementor-column-gap-default\">\n\t\t\t\t\t<div class=\"elementor-column elementor-col-50 elementor-inner-column elementor-element elementor-element-a71efd0\" data-id=\"a71efd0\" data-element_type=\"column\" data-e-type=\"column\">\n\t\t\t<div class=\"elementor-widget-wrap elementor-element-populated\">\n\t\t\t\t\t\t<div class=\"elementor-element elementor-element-62186d0 elementor-widget elementor-widget-image\" data-id=\"62186d0\" data-element_type=\"widget\" data-e-type=\"widget\" data-widget_type=\"image.default\">\n\t\t\t\t<div class=\"elementor-widget-container\">\n\t\t\t\t\t\t\t\t\t\t\t\t\t\t\t<img decoding=\"async\" width=\"800\" height=\"445\" src=\"https:\/\/teatrumanoel.mt\/wp-content\/uploads\/2023\/09\/Cabaret-new-web-1440x800-1-1024x569.jpg\" class=\"attachment-large size-large wp-image-5545\" alt=\"\" srcset=\"https:\/\/teatrumanoel.mt\/wp-content\/uploads\/2023\/09\/Cabaret-new-web-1440x800-1-1024x569.jpg 1024w, https:\/\/teatrumanoel.mt\/wp-content\/uploads\/2023\/09\/Cabaret-new-web-1440x800-1-300x167.jpg 300w, https:\/\/teatrumanoel.mt\/wp-content\/uploads\/2023\/09\/Cabaret-new-web-1440x800-1-768x427.jpg 768w, https:\/\/teatrumanoel.mt\/wp-content\/uploads\/2023\/09\/Cabaret-new-web-1440x800-1.jpg 1440w\" sizes=\"(max-width: 800px) 100vw, 800px\" \/>\t\t\t\t\t\t\t\t\t\t\t\t\t\t\t<\/div>\n\t\t\t\t<\/div>\n\t\t\t\t\t<\/div>\n\t\t<\/div>\n\t\t\t\t<div class=\"elementor-column elementor-col-50 elementor-inner-column elementor-element elementor-element-abc8c99\" data-id=\"abc8c99\" data-element_type=\"column\" data-e-type=\"column\">\n\t\t\t<div class=\"elementor-widget-wrap elementor-element-populated\">\n\t\t\t\t\t\t<div class=\"elementor-element elementor-element-c340b52 elementor-widget elementor-widget-text-editor\" data-id=\"c340b52\" data-element_type=\"widget\" data-e-type=\"widget\" data-widget_type=\"text-editor.default\">\n\t\t\t\t<div class=\"elementor-widget-container\">\n\t\t\t\t\t\t\t\t\t<h2>Cabaret Awdizzjonijiet<\/h2><p>\u00a0<\/p><p>Data ta&#8217; skadenza g\u0127all-applikazzjonjiiet: 18 September 2023<\/p>\t\t\t\t\t\t\t\t<\/div>\n\t\t\t\t<\/div>\n\t\t\t\t<div class=\"elementor-element elementor-element-6a316c8 elementor-widget elementor-widget-button\" data-id=\"6a316c8\" data-element_type=\"widget\" data-e-type=\"widget\" data-widget_type=\"button.default\">\n\t\t\t\t<div class=\"elementor-widget-container\">\n\t\t\t\t\t\t\t\t\t<div class=\"elementor-button-wrapper\">\n\t\t\t\t\t<a class=\"elementor-button elementor-button-link elementor-size-sm\" href=\"https:\/\/teatrumanoel.mt\/mt\/opportunities\/awdizzjonijiet-ta-cabaret\/\">\n\t\t\t\t\t\t<span class=\"elementor-button-content-wrapper\">\n\t\t\t\t\t\t\t\t\t<span class=\"elementor-button-text\">Aktar Informazzjoni<\/span>\n\t\t\t\t\t<\/span>\n\t\t\t\t\t<\/a>\n\t\t\t\t<\/div>\n\t\t\t\t\t\t\t\t<\/div>\n\t\t\t\t<\/div>\n\t\t\t\t\t<\/div>\n\t\t<\/div>\n\t\t\t\t\t<\/div>\n\t\t<\/section>\n\t\t\t\t<section class=\"elementor-section elementor-inner-section elementor-element elementor-element-ee5840e elementor-section-boxed elementor-section-height-default elementor-section-height-default\" data-id=\"ee5840e\" data-element_type=\"section\" data-e-type=\"section\">\n\t\t\t\t\t\t<div class=\"elementor-container elementor-column-gap-default\">\n\t\t\t\t\t<div class=\"elementor-column elementor-col-50 elementor-inner-column elementor-element elementor-element-1e1fc00\" data-id=\"1e1fc00\" data-element_type=\"column\" data-e-type=\"column\">\n\t\t\t<div class=\"elementor-widget-wrap elementor-element-populated\">\n\t\t\t\t\t\t<div class=\"elementor-element elementor-element-bea3215 elementor-widget elementor-widget-image\" data-id=\"bea3215\" data-element_type=\"widget\" data-e-type=\"widget\" data-widget_type=\"image.default\">\n\t\t\t\t<div class=\"elementor-widget-container\">\n\t\t\t\t\t\t\t\t\t\t\t\t\t\t\t<img decoding=\"async\" width=\"800\" height=\"445\" src=\"https:\/\/teatrumanoel.mt\/wp-content\/uploads\/2023\/09\/WhatsApp-Image-2023-09-12-at-21.31.20-1-1024x569.jpeg\" class=\"attachment-large size-large wp-image-5687\" alt=\"\" srcset=\"https:\/\/teatrumanoel.mt\/wp-content\/uploads\/2023\/09\/WhatsApp-Image-2023-09-12-at-21.31.20-1-1024x569.jpeg 1024w, https:\/\/teatrumanoel.mt\/wp-content\/uploads\/2023\/09\/WhatsApp-Image-2023-09-12-at-21.31.20-1-300x167.jpeg 300w, https:\/\/teatrumanoel.mt\/wp-content\/uploads\/2023\/09\/WhatsApp-Image-2023-09-12-at-21.31.20-1-768x427.jpeg 768w, https:\/\/teatrumanoel.mt\/wp-content\/uploads\/2023\/09\/WhatsApp-Image-2023-09-12-at-21.31.20-1.jpeg 1440w\" sizes=\"(max-width: 800px) 100vw, 800px\" \/>\t\t\t\t\t\t\t\t\t\t\t\t\t\t\t<\/div>\n\t\t\t\t<\/div>\n\t\t\t\t\t<\/div>\n\t\t<\/div>\n\t\t\t\t<div class=\"elementor-column elementor-col-50 elementor-inner-column elementor-element elementor-element-6529a56\" data-id=\"6529a56\" data-element_type=\"column\" data-e-type=\"column\">\n\t\t\t<div class=\"elementor-widget-wrap elementor-element-populated\">\n\t\t\t\t\t\t<div class=\"elementor-element elementor-element-00fdbf7 elementor-widget elementor-widget-text-editor\" data-id=\"00fdbf7\" data-element_type=\"widget\" data-e-type=\"widget\" data-widget_type=\"text-editor.default\">\n\t\t\t\t<div class=\"elementor-widget-container\">\n\t\t\t\t\t\t\t\t\t<h2>TMYT Awdizzjonijiet<\/h2><h5>Teatru Manoel Youth Theatre<\/h5><p>\u00a0<\/p><p>Data ta&#8217; skadenza g\u0127all-applikazzjonjiiet: 14 September 2023<\/p>\t\t\t\t\t\t\t\t<\/div>\n\t\t\t\t<\/div>\n\t\t\t\t<div class=\"elementor-element elementor-element-ecdd963 elementor-widget elementor-widget-button\" data-id=\"ecdd963\" data-element_type=\"widget\" data-e-type=\"widget\" data-widget_type=\"button.default\">\n\t\t\t\t<div class=\"elementor-widget-container\">\n\t\t\t\t\t\t\t\t\t<div class=\"elementor-button-wrapper\">\n\t\t\t\t\t<a class=\"elementor-button elementor-button-link elementor-size-sm\" href=\"https:\/\/teatrumanoel.mt\/mt\/opportunities\/tmyt-awdizzjonijiet\/\">\n\t\t\t\t\t\t<span class=\"elementor-button-content-wrapper\">\n\t\t\t\t\t\t\t\t\t<span class=\"elementor-button-text\">Aktar Informazzjoni<\/span>\n\t\t\t\t\t<\/span>\n\t\t\t\t\t<\/a>\n\t\t\t\t<\/div>\n\t\t\t\t\t\t\t\t<\/div>\n\t\t\t\t<\/div>\n\t\t\t\t\t<\/div>\n\t\t<\/div>\n\t\t\t\t\t<\/div>\n\t\t<\/section>\n\t\t\t\t<section class=\"elementor-section elementor-inner-section elementor-element elementor-element-7e69a82 elementor-section-boxed elementor-section-height-default elementor-section-height-default\" data-id=\"7e69a82\" data-element_type=\"section\" data-e-type=\"section\">\n\t\t\t\t\t\t<div class=\"elementor-container elementor-column-gap-default\">\n\t\t\t\t\t<div class=\"elementor-column elementor-col-50 elementor-inner-column elementor-element elementor-element-dd7e844\" data-id=\"dd7e844\" data-element_type=\"column\" data-e-type=\"column\">\n\t\t\t<div class=\"elementor-widget-wrap elementor-element-populated\">\n\t\t\t\t\t\t<div class=\"elementor-element elementor-element-bdd55da elementor-widget elementor-widget-image\" data-id=\"bdd55da\" data-element_type=\"widget\" data-e-type=\"widget\" data-widget_type=\"image.default\">\n\t\t\t\t<div class=\"elementor-widget-container\">\n\t\t\t\t\t\t\t\t\t\t\t\t\t\t\t<img loading=\"lazy\" decoding=\"async\" width=\"800\" height=\"445\" src=\"https:\/\/teatrumanoel.mt\/wp-content\/uploads\/2023\/09\/WhatsApp-Image-2023-09-12-at-21.31.19-1024x570.jpeg\" class=\"attachment-large size-large wp-image-5685\" alt=\"\" srcset=\"https:\/\/teatrumanoel.mt\/wp-content\/uploads\/2023\/09\/WhatsApp-Image-2023-09-12-at-21.31.19-1024x570.jpeg 1024w, https:\/\/teatrumanoel.mt\/wp-content\/uploads\/2023\/09\/WhatsApp-Image-2023-09-12-at-21.31.19-300x167.jpeg 300w, https:\/\/teatrumanoel.mt\/wp-content\/uploads\/2023\/09\/WhatsApp-Image-2023-09-12-at-21.31.19-768x427.jpeg 768w, https:\/\/teatrumanoel.mt\/wp-content\/uploads\/2023\/09\/WhatsApp-Image-2023-09-12-at-21.31.19.jpeg 1440w\" sizes=\"(max-width: 800px) 100vw, 800px\" \/>\t\t\t\t\t\t\t\t\t\t\t\t\t\t\t<\/div>\n\t\t\t\t<\/div>\n\t\t\t\t\t<\/div>\n\t\t<\/div>\n\t\t\t\t<div class=\"elementor-column elementor-col-50 elementor-inner-column elementor-element elementor-element-ef8c532\" data-id=\"ef8c532\" data-element_type=\"column\" data-e-type=\"column\">\n\t\t\t<div class=\"elementor-widget-wrap elementor-element-populated\">\n\t\t\t\t\t\t<div class=\"elementor-element elementor-element-6e1b638 elementor-widget__width-initial elementor-widget elementor-widget-text-editor\" data-id=\"6e1b638\" data-element_type=\"widget\" data-e-type=\"widget\" data-widget_type=\"text-editor.default\">\n\t\t\t\t<div class=\"elementor-widget-container\">\n\t\t\t\t\t\t\t\t\t<h2>TMYD Awdizzjonijiet<\/h2><h5>Teatru Manoel Youth Dance<\/h5><p>\u00a0<\/p><p>Data ta&#8217; skadenza g\u0127all-applikazzjonjiiet: 14 September 2023<\/p>\t\t\t\t\t\t\t\t<\/div>\n\t\t\t\t<\/div>\n\t\t\t\t<div class=\"elementor-element elementor-element-e6621d6 elementor-widget elementor-widget-button\" data-id=\"e6621d6\" data-element_type=\"widget\" data-e-type=\"widget\" data-widget_type=\"button.default\">\n\t\t\t\t<div class=\"elementor-widget-container\">\n\t\t\t\t\t\t\t\t\t<div class=\"elementor-button-wrapper\">\n\t\t\t\t\t<a class=\"elementor-button elementor-button-link elementor-size-sm\" href=\"https:\/\/teatrumanoel.mt\/mt\/opportunities\/tmyd-awdizzjonijiet\/\">\n\t\t\t\t\t\t<span class=\"elementor-button-content-wrapper\">\n\t\t\t\t\t\t\t\t\t<span class=\"elementor-button-text\">Aktar Informazzjoni<\/span>\n\t\t\t\t\t<\/span>\n\t\t\t\t\t<\/a>\n\t\t\t\t<\/div>\n\t\t\t\t\t\t\t\t<\/div>\n\t\t\t\t<\/div>\n\t\t\t\t\t<\/div>\n\t\t<\/div>\n\t\t\t\t\t<\/div>\n\t\t<\/section>\n\t\t\t\t<section class=\"elementor-section elementor-inner-section elementor-element elementor-element-93a1876 elementor-section-boxed elementor-section-height-default elementor-section-height-default\" data-id=\"93a1876\" data-element_type=\"section\" data-e-type=\"section\">\n\t\t\t\t\t\t<div class=\"elementor-container elementor-column-gap-default\">\n\t\t\t\t\t<div class=\"elementor-column elementor-col-50 elementor-inner-column elementor-element elementor-element-13949bc\" data-id=\"13949bc\" data-element_type=\"column\" data-e-type=\"column\">\n\t\t\t<div class=\"elementor-widget-wrap elementor-element-populated\">\n\t\t\t\t\t\t<div class=\"elementor-element elementor-element-3781d89 elementor-widget elementor-widget-image\" data-id=\"3781d89\" data-element_type=\"widget\" data-e-type=\"widget\" data-widget_type=\"image.default\">\n\t\t\t\t<div class=\"elementor-widget-container\">\n\t\t\t\t\t\t\t\t\t\t\t\t\t\t\t<img loading=\"lazy\" decoding=\"async\" width=\"800\" height=\"445\" src=\"https:\/\/teatrumanoel.mt\/wp-content\/uploads\/2023\/09\/WhatsApp-Image-2023-09-12-at-21.31.20-1024x569.jpeg\" class=\"attachment-large size-large wp-image-5689\" alt=\"\" srcset=\"https:\/\/teatrumanoel.mt\/wp-content\/uploads\/2023\/09\/WhatsApp-Image-2023-09-12-at-21.31.20-1024x569.jpeg 1024w, https:\/\/teatrumanoel.mt\/wp-content\/uploads\/2023\/09\/WhatsApp-Image-2023-09-12-at-21.31.20-300x167.jpeg 300w, https:\/\/teatrumanoel.mt\/wp-content\/uploads\/2023\/09\/WhatsApp-Image-2023-09-12-at-21.31.20-768x427.jpeg 768w, https:\/\/teatrumanoel.mt\/wp-content\/uploads\/2023\/09\/WhatsApp-Image-2023-09-12-at-21.31.20.jpeg 1440w\" sizes=\"(max-width: 800px) 100vw, 800px\" \/>\t\t\t\t\t\t\t\t\t\t\t\t\t\t\t<\/div>\n\t\t\t\t<\/div>\n\t\t\t\t\t<\/div>\n\t\t<\/div>\n\t\t\t\t<div class=\"elementor-column elementor-col-50 elementor-inner-column elementor-element elementor-element-be6e9b9\" data-id=\"be6e9b9\" data-element_type=\"column\" data-e-type=\"column\">\n\t\t\t<div class=\"elementor-widget-wrap elementor-element-populated\">\n\t\t\t\t\t\t<div class=\"elementor-element elementor-element-bcd99f3 elementor-widget elementor-widget-text-editor\" data-id=\"bcd99f3\" data-element_type=\"widget\" data-e-type=\"widget\" data-widget_type=\"text-editor.default\">\n\t\t\t\t<div class=\"elementor-widget-container\">\n\t\t\t\t\t\t\t\t\t<h2>TMYO Awdizzjonijiet<\/h2><h5>Teatru Manoel Youth Opera<\/h5><p>\u00a0<\/p><p>Data ta&#8217; skadenza g\u0127all-applikazzjonjiiet: 14 September 2023<\/p>\t\t\t\t\t\t\t\t<\/div>\n\t\t\t\t<\/div>\n\t\t\t\t<div class=\"elementor-element elementor-element-9904120 elementor-widget elementor-widget-button\" data-id=\"9904120\" data-element_type=\"widget\" data-e-type=\"widget\" data-widget_type=\"button.default\">\n\t\t\t\t<div class=\"elementor-widget-container\">\n\t\t\t\t\t\t\t\t\t<div class=\"elementor-button-wrapper\">\n\t\t\t\t\t<a class=\"elementor-button elementor-button-link elementor-size-sm\" href=\"https:\/\/teatrumanoel.mt\/mt\/opportunities\/tmyo-awdizzjonijiet\/\">\n\t\t\t\t\t\t<span class=\"elementor-button-content-wrapper\">\n\t\t\t\t\t\t\t\t\t<span class=\"elementor-button-text\">Aktar Informazzjoni<\/span>\n\t\t\t\t\t<\/span>\n\t\t\t\t\t<\/a>\n\t\t\t\t<\/div>\n\t\t\t\t\t\t\t\t<\/div>\n\t\t\t\t<\/div>\n\t\t\t\t\t<\/div>\n\t\t<\/div>\n\t\t\t\t\t<\/div>\n\t\t<\/section>\n\t\t\t\t\t<\/div>\n\t\t<\/div>\n\t\t\t\t\t<\/div>\n\t\t<\/section>\n\t\t\t\t<\/div>\n\t\t","protected":false},"excerpt":{"rendered":"<p>Opportunitajiet Sej\u0127a g\u0127al Senior Manager (Finanzi) Data ta&#8217; skadenza g\u0127all-applikazzjonjiiet: 22 ta&#8217; September 2023 Aktar INformazzjoni Cabaret Awdizzjonijiet \u00a0 Data ta&#8217; skadenza g\u0127all-applikazzjonjiiet: 18 September 2023 Aktar Informazzjoni TMYT Awdizzjonijiet Teatru Manoel Youth Theatre \u00a0 Data ta&#8217; skadenza g\u0127all-applikazzjonjiiet: 14 September 2023 Aktar Informazzjoni TMYD Awdizzjonijiet Teatru Manoel Youth Dance \u00a0 Data ta&#8217; skadenza g\u0127all-applikazzjonjiiet: [&hellip;]<\/p>\n","protected":false},"author":9,"featured_media":0,"parent":0,"menu_order":0,"comment_status":"closed","ping_status":"closed","template":"","meta":{"_acf_changed":false,"footnotes":""},"class_list":["post-5845","page","type-page","status-publish","hentry"],"acf":[],"_links":{"self":[{"href":"https:\/\/teatrumanoel.mt\/mt\/wp-json\/wp\/v2\/pages\/5845","targetHints":{"allow":["GET"]}}],"collection":[{"href":"https:\/\/teatrumanoel.mt\/mt\/wp-json\/wp\/v2\/pages"}],"about":[{"href":"https:\/\/teatrumanoel.mt\/mt\/wp-json\/wp\/v2\/types\/page"}],"author":[{"embeddable":true,"href":"https:\/\/teatrumanoel.mt\/mt\/wp-json\/wp\/v2\/users\/9"}],"replies":[{"embeddable":true,"href":"https:\/\/teatrumanoel.mt\/mt\/wp-json\/wp\/v2\/comments?post=5845"}],"version-history":[{"count":51,"href":"https:\/\/teatrumanoel.mt\/mt\/wp-json\/wp\/v2\/pages\/5845\/revisions"}],"predecessor-version":[{"id":6718,"href":"https:\/\/teatrumanoel.mt\/mt\/wp-json\/wp\/v2\/pages\/5845\/revisions\/6718"}],"wp:attachment":[{"href":"https:\/\/teatrumanoel.mt\/mt\/wp-json\/wp\/v2\/media?parent=5845"}],"curies":[{"name":"wp","href":"https:\/\/api.w.org\/{rel}","templated":true}]}}